{"id":107,"date":"2024-04-25T17:36:48","date_gmt":"2024-04-25T17:36:48","guid":{"rendered":"https:\/\/xn--profi-stylistin-wdenswil-6bc.revier.ch\/?page_id=107"},"modified":"2024-04-25T17:36:48","modified_gmt":"2024-04-25T17:36:48","slug":"test-02","status":"publish","type":"page","link":"https:\/\/xn--profi-stylistin-wdenswil-zh-rkc.logisch.ch\/index.php\/test-02\/","title":{"rendered":"Alles f\u00fcr Ihren sch\u00f6nsten Tag"},"content":{"rendered":"\n<p><strong><em>4-6 Wochen vorher<\/em><\/strong><\/p>\n\n\n\n<h3 class=\"wp-block-heading\"><strong>Diamond Deluxe<\/strong><\/h3>\n\n\n\n<h3 class=\"wp-block-heading\"><\/h3>\n\n\n\n<p> <em>Beratung in meinem Ateli<\/em>er<\/p>\n\n\n\n<p><strong>Probe<\/strong> <strong>Brautfrisur<\/strong>:<em> Lassen Sie uns gemeinsam Ihre Traumfrisur finden. W\u00e4hrend  der Probesitzung probieren wir verschiedene Stile  aus, um den perfekten Look f\u00fcr Ihren Hochzeitstag zu kreieren. <\/em>Gerne bin ich Ihnen bei der Auswahl an Haarschmuck behilflich.<\/p>\n\n\n\n<p><strong>Probe<\/strong> <strong>Make<\/strong>&#8211;<strong>up<\/strong>: <em>Gerne werde ich bei einer Probesitzung das Make -up mit Ihnen gemeinsam gestalten, um Ihre nat\u00fcrlichen Merkmale  hervorzuhebe<\/em>n, und aus Ihnen das sch\u00f6nste Strahlen zu zaubern. Ich werde Sie beraten welche Vorteile dass Airbrush- Make-up hat, welches ich sehr gerne bei Br\u00e4uten verwende.Es wird alles auf einem Facechart festgehalten so das an Ihrem Tag alles reibungslos l\u00e4uft. Auch bekommen Sie von mir Ihre Lippenstift Farbe f\u00fcr Ihre Brauttasche als <em>service<\/em> von mir dazu.<\/p>\n\n\n\n<p><em><strong>Eine Woche vorher<\/strong><\/em><\/p>\n\n\n\n<p><strong>Neuset Wimpernextansions<\/strong>:<em> Geniessen Sie volumin\u00f6se und langanhaltende Wimpern f\u00fcr einen unwiderstehlichen Augenaufschlag. Es d\u00fcrfen auch kleine Freudentr\u00e4nen kullern, und das beste ist Sie brauchen keine Wimperntusche.<\/em><\/p>\n\n\n\n<p><\/p>\n\n\n\n<p><strong>Henna Brows<\/strong> : <em>Perfekt geformte und langanhaltende Augenbrauen mit der speziellen Henna-Technik<\/em>, die Ihre Nat\u00fcrliche Sch\u00f6nheit unterstreicht.<\/p>\n\n\n\n<p><strong>Kurze<\/strong> <strong>Auszeit<\/strong> <\/p>\n\n\n\n<p><strong>Chakra<\/strong> &#8211;<strong>Kopf<\/strong> <strong>&amp;<\/strong> <strong>Gesichtsbehandlung<\/strong>:<em>G\u00f6nnen Sie sich eine entspannende Kopf &amp; Gesichtsbehandlung , die Ihre Haut revitalisiert und Ihre Chakren ins Gleichgewicht bringt, f\u00fcr ein strahlendes und entspanntes Aussehen.Gerade vor Ihrem grossen Tag k\u00f6nnen Sie noch einmal kurz Entschleunigen<\/em>.<\/p>\n\n\n\n<h3 class=\"wp-block-heading\"><strong>PLATIN<\/strong><\/h3>\n\n\n\n<p><em><strong>4-6Wochen<\/strong> <strong>vorher<\/strong><\/em><\/p>\n\n\n\n<p><strong>Probe<\/strong> <strong>Make<\/strong>&#8211;<strong>up<\/strong>: <em>Gerne werde ich bei einer Probesitzung das Make -up mit Ihnen gemeinsam gestalten, um Ihre nat\u00fcrlichen Merkmale  hervorzuhebe<\/em>n, und aus Ihnen das sch\u00f6nste Strahlen zu zaubern. Ich werde Sie beraten welche Vorteile dass Airbrush- Make-up hat, welches ich sehr gerne bei Br\u00e4uten verwende.Es wird alles auf einem Facechart festgehalten so das an Ihrem Tag alles reibungslos l\u00e4uft. Auch bekommen Sie von mir Ihre Lippenstift Farbe f\u00fcr Ihre Brauttasche als <em>service<\/em> von mir dazu.<\/p>\n\n\n\n<p><strong>Probe<\/strong> <strong>Brautfrisur<\/strong>:<em> Lassen Sie uns gemeinsam Ihre Traumfrisur finden. W\u00e4hrend  der Probesitzung probieren wir verschiedene Stile  aus, um den perfekten Look f\u00fcr Ihren Hochzeitstag zu kreieren. <\/em>Gerne bin ich Ihnen bei der Auswahl an Haarschmuck behilflich.<\/p>\n\n\n\n<p><\/p>\n\n\n\n<p><strong>1<\/strong> <strong>Woche<\/strong> <strong>vorher<\/strong><\/p>\n\n\n\n<p>*<em>Neuset Wimpernextansions<\/em><\/p>\n\n\n\n<p>*<em>Augenbrauen f\u00e4rben<\/em><\/p>\n\n\n\n<p><\/p>\n\n\n\n<h3 class=\"wp-block-heading\"><strong>Gold<\/strong><\/h3>\n\n\n\n<p><strong>*4-6 Wochen vorher<\/strong><\/p>\n\n\n\n<p><em>*Probe Make-up<\/em><\/p>\n\n\n\n<p><em>*Probe Hochzeitsfrisur<\/em><\/p>\n\n\n\n<p><em>*Brautstyling und Make-up am finalen Tag<\/em><\/p>\n\n\n\n<p><em>Gerne komme ich zu Ihren grossen Tag style und verw\u00f6hne Sie an den von Ihnen gew\u00fcnschten Ort oder auch in meinem Atelier.<\/em><\/p>\n\n\n\n<p><\/p>\n\n\n\n<h3 class=\"wp-block-heading\"><strong>SILBER<\/strong><\/h3>\n\n\n\n<p><strong>An Ihrem Sch\u00f6nsten Tag<\/strong><\/p>\n\n\n\n<p>*<em>Hochzeitsfrisur,Haarstyling, Hochsteckfrisur<\/em><\/p>\n\n\n\n<p>*<em>Braut Make -up<\/em><\/p>\n\n\n\n<h2 class=\"wp-block-heading\"><strong>Hair &amp; Make-up Brautg\u00e4ste<\/strong><\/h2>\n\n\n\n<p><em>Jedes weitere Styling f\u00fcr Trauzeugen und Brautg\u00e4ste berechne ich  p.P meinen Stundensatz von 130.00 CHF <\/em><\/p>\n\n\n\n<p><em>Ich freue mich darauf, diesen besonderen Moment mit Ihnen zu teilen und Sie auf Ihren grossen Tag vorzubereiten<\/em><\/p>\n\n\n\n<p><\/p>\n\n\n\n<p><\/p>\n\n\n\n<p><\/p>\n\n\n\n<p><\/p>\n\n\n\n<p>Und probiere auch etwas kursiv zu schreiben.<\/p>\n\n\n\n<p>Wenn Du nicht weisst wie, dann schau oben in der Men\u00fczeile<\/p>\n\n\n\n<p>Und jetzt versuchen wir etwas durchzustreichen. Der Preis ist jetzt 25 Franken anstatt 30 Franken. <br>Durchstreichen findest Du in der Symbolleiste mit dem Pfeil nach unten, links von den drei Punkten. Bin gespannt, ob Du es findest.<\/p>\n\n\n\n<h3 class=\"wp-block-heading\">Teste Schreiben von Content<\/h3>\n\n\n\n<p>Hier kannst Du zu Schreiben \u00fcben. Klicke in diesen Text und beginne zu schreiben.<\/p>\n\n\n\n<p>Mach mal einen Zeilenumbruch und schreib weiter. L\u00f6sche etwas wieder.<\/p>\n\n\n\n<p>Probiere viel Text zu schreiben und mach ihn Zentriert oder rechtsb\u00fcndig.<\/p>\n\n\n\n<p>Alles was Du hier zum Test schreibst, k\u00f6nnen wir sp\u00e4ter auf den Seiten via Copy Paste verteilen.<\/p>\n\n\n\n<h2 class=\"wp-block-heading\">\u00dcrkg\u00fcls\u00fcm ist der Test 21.06<\/h2>\n\n\n\n<p>AUf der Testseite zur Kontrolle der Indexierung bei den Suchmaschinen. Seite nicht l\u00f6schen. Aber hier ausprobieren.<\/p>\n\n\n\n<p>Vertrauen ist gut, <strong>\u00fcrkg\u00fcls\u00fcm <\/strong>ist besser. Das Zauberwort, erfunden an einem WebPublisher Lehrgang vom Kursleiter zur Ermittlung wie lange es dauert bis Google etwas in die Serps aufnimmt. Auf der Seite <a href=\"https:\/\/xn--profi-stylistin-wdenswil-6bc.revier.ch\/spielwiese__trashed\/test-01\/\">\u00fcrkg\u00fcls\u00fcm <\/a>ist das Wort n\u00e4her beschrieben.<\/p>\n\n\n\n<h3 class=\"wp-block-heading\">Finden von \u00fcrkg\u00fcls\u00fcm<\/h3>\n\n\n\n<p>In der grossen <a href=\"https:\/\/search.google.com\/search-console\" target=\"_blank\" rel=\"noreferrer noopener\">Suchmaschine <\/a>kann das Wort gefunden werden. In der <a href=\"https:\/\/search.google.com\/search-console\">GSC<\/a> kann die Umgebung ermittelt werden.<\/p>\n\n\n\n<p>Und auf <a href=\"https:\/\/xn--profi-stylistin-wdenswil-6bc.revier.ch\/page-sitemap.xml\">sitemap.xml<\/a> kann erkannt werden, wann die Seiten aktualisiert wurden.<\/p>\n","protected":false},"excerpt":{"rendered":"<p>4-6 Wochen vorher Diamond Deluxe Beratung in meinem Atelier Probe Brautfrisur: Lassen Sie uns gemeinsam Ihre Traumfrisur finden. W\u00e4hrend der Probesitzung probieren wir verschiedene Stile aus, um den perfekten Look f\u00fcr Ihren Hochzeitstag zu kreieren. Gerne bin ich Ihnen bei der Auswahl an Haarschmuck behilflich. Probe Make&#8211;up: Gerne werde ich bei einer Probesitzung das Make [&hellip;]<\/p>\n","protected":false},"author":2,"featured_media":0,"parent":0,"menu_order":2,"comment_status":"closed","ping_status":"closed","template":"","meta":{"footnotes":""},"class_list":["post-107","page","type-page","status-publish","hentry"],"_links":{"self":[{"href":"https:\/\/xn--profi-stylistin-wdenswil-zh-rkc.logisch.ch\/index.php\/wp-json\/wp\/v2\/pages\/107","targetHints":{"allow":["GET"]}}],"collection":[{"href":"https:\/\/xn--profi-stylistin-wdenswil-zh-rkc.logisch.ch\/index.php\/wp-json\/wp\/v2\/pages"}],"about":[{"href":"https:\/\/xn--profi-stylistin-wdenswil-zh-rkc.logisch.ch\/index.php\/wp-json\/wp\/v2\/types\/page"}],"author":[{"embeddable":true,"href":"https:\/\/xn--profi-stylistin-wdenswil-zh-rkc.logisch.ch\/index.php\/wp-json\/wp\/v2\/users\/2"}],"replies":[{"embeddable":true,"href":"https:\/\/xn--profi-stylistin-wdenswil-zh-rkc.logisch.ch\/index.php\/wp-json\/wp\/v2\/comments?post=107"}],"version-history":[{"count":0,"href":"https:\/\/xn--profi-stylistin-wdenswil-zh-rkc.logisch.ch\/index.php\/wp-json\/wp\/v2\/pages\/107\/revisions"}],"wp:attachment":[{"href":"https:\/\/xn--profi-stylistin-wdenswil-zh-rkc.logisch.ch\/index.php\/wp-json\/wp\/v2\/media?parent=107"}],"curies":[{"name":"wp","href":"https:\/\/api.w.org\/{rel}","templated":true}]}}