{"id":12,"date":"2024-04-23T20:40:38","date_gmt":"2024-04-23T20:40:38","guid":{"rendered":"https:\/\/xn--profi-stylistin-wdenswil-6bc.revier.ch\/?page_id=12"},"modified":"2024-04-23T20:40:38","modified_gmt":"2024-04-23T20:40:38","slug":"wimpernverlaengerung","status":"publish","type":"page","link":"https:\/\/xn--profi-stylistin-wdenswil-zh-rkc.logisch.ch\/index.php\/wimpernverlaengerung\/","title":{"rendered":"Wimpernverl\u00e4ngerung"},"content":{"rendered":"\n<figure class=\"wp-block-image size-full is-resized\"><img loading=\"lazy\" decoding=\"async\" width=\"542\" height=\"182\" src=\"https:\/\/xn--profi-stylistin-wdenswil-zh-rkc.logisch.ch\/wp-content\/uploads\/2024\/04\/image-1.png\" alt=\"\" class=\"wp-image-14\" style=\"width:715px;height:auto\" srcset=\"https:\/\/xn--profi-stylistin-wdenswil-zh-rkc.logisch.ch\/wp-content\/uploads\/2024\/04\/image-1.png 542w, https:\/\/xn--profi-stylistin-wdenswil-zh-rkc.logisch.ch\/wp-content\/uploads\/2024\/04\/image-1-300x101.png 300w\" sizes=\"auto, (max-width: 542px) 100vw, 542px\" \/><\/figure>\n\n\n\n<h2 class=\"wp-block-heading\">Der Traum jeder Frau &#8211; lange, nat\u00fcrlich geschwungene und dichte Wimpern!<\/h2>\n\n\n\n<p>Seit 13 Jahren bin ich zertifizierte Wimpernexpertin und ich arbeite ausschliesslich im tragbaren nat\u00fcrlichen Bereich.Das sch\u00e4tzen meine Kunden sehr an meiner Arbeit. Damit die Kundin lange Freude an ihren Eigenwimpern hat .Damit diese nicht gesch\u00e4digt werden durch zu viel Gewicht oder zu unnat\u00fcrliche L\u00e4ngenauswahl.In akribischer Feinarbeit wird das Auge hervorgehoben durch Verdichtung und l\u00e4ngen Auswahl.Das hat auch den Vorteil, wenn sich die Wimpern verlieren dass keine sichtbaren L\u00fccken entstehen, sondern die aufgesetzten Extansions sich mit dem ganz normalen \u00abHaarwechsel\u00bb verlieren.<\/p>\n\n\n\n<p>Wimpern-Verl\u00e4ngerung, Hollywood&#8217;s neuester Beauty Hit, sind eine innovative und neue Methode, Wimpern auf semi-permanenter Basis zu verdichten und zu verl\u00e4ngern.<br><br>Erf\u00fcllen Sie sich diesen Wunsch und lassen Sie sich dauerhaft tragbare Traumwimpern&nbsp; professionell applizieren.<\/p>\n\n\n\n<figure class=\"wp-block-image size-large is-resized\"><img loading=\"lazy\" decoding=\"async\" width=\"964\" height=\"1024\" src=\"https:\/\/xn--profi-stylistin-wdenswil-zh-rkc.logisch.ch\/wp-content\/uploads\/2024\/05\/Wimpernverlaengerung-natuerlich-964x1024.jpg\" alt=\"\" class=\"wp-image-398\" style=\"width:367px;height:auto\" srcset=\"https:\/\/xn--profi-stylistin-wdenswil-zh-rkc.logisch.ch\/wp-content\/uploads\/2024\/05\/Wimpernverlaengerung-natuerlich-964x1024.jpg 964w, https:\/\/xn--profi-stylistin-wdenswil-zh-rkc.logisch.ch\/wp-content\/uploads\/2024\/05\/Wimpernverlaengerung-natuerlich-282x300.jpg 282w, https:\/\/xn--profi-stylistin-wdenswil-zh-rkc.logisch.ch\/wp-content\/uploads\/2024\/05\/Wimpernverlaengerung-natuerlich-768x816.jpg 768w, https:\/\/xn--profi-stylistin-wdenswil-zh-rkc.logisch.ch\/wp-content\/uploads\/2024\/05\/Wimpernverlaengerung-natuerlich.jpg 991w\" sizes=\"auto, (max-width: 964px) 100vw, 964px\" \/><\/figure>\n\n\n\n<h2 class=\"wp-block-heading\">Einzel-Wimpern Extensions<\/h2>\n\n\n\n<p><strong>Was muss man sich darunter vorstellen?<\/strong><br>In dieser Behandlung werden Ihnen einzelne synthetische Wimpern auf einzelne Naturwimpern appliziert. Sie sind gewichtslos und wasserfest, so dass Sie damit Sport treiben, Schwimmen, Duschen, Schlafen und sogar Weinen k\u00f6nnen. Ein spezieller Kleber sorgt f\u00fcr lange Haltbarkeit.<br>Eyelashes sind kr\u00e4ftiger und dunkler als Ihre nat\u00fcrlichen Wimpern, so dass Sie kein Mascara mehr ben\u00f6tigen!<br><br><strong>Wie lange halten Wimpern Extensions?<\/strong><br>Die Haltbarkeit h\u00e4ngt vom Wachstums-Zyklus der eigenen Wimpern ab. Eine Naturwimper hat eine Lebensdauer von ca. 10 &#8211; 12 Wochen.<br>Danach f\u00e4llt auf nat\u00fcrlichem Weg eine Naturwimper inklusive Extension aus und wird durch eine nach-wachsende Wimper ersetzt. Somit empfehle ich ein Auff\u00fcllen alle 2-4 Wochen.<br><br><strong>Sch\u00e4digen Wimpern Extensions meinen nat\u00fcrlichen Wimpern?<\/strong><br><\/p>\n\n\n\n<p><strong>NEIN.<\/strong>&nbsp;Die applizierten Extensions geben ihren eigenen Wimpern einen Schutz und sch\u00e4digen sie nicht. Nur falsch applizierte Extensions schaden der Naturwimper. Deshalb ist es wichtig auf die Qualit\u00e4t der verwendeten Eyelash Produkte und die entsprechende Ausbildung zu achten.<\/p>\n\n\n\n<p><strong>AKTUELL ZU BEACHTEN:<\/strong><\/p>\n\n\n\n<p>Vielerorts werden Volumen-Wimpern oder Hollywood-Wimpern 3D-4D bis 9D angeboten!<br>Diese f\u00fcgen ihren Naturwimpern mit Sicherheit Schaden zu, da es sich nicht mehr um Einzelwimpernverl\u00e4ngerung handelt.<br>Es ist nie die Dicke und die L\u00e4nge der Extension ausschlaggebend f\u00fcr einen wundersch\u00f6nen, vollen Wimpern-Kranz.<br>SONDERN: feine und in der L\u00e4nge korrekt gew\u00e4hlte und viele Extensions bringen Ihnen den unwiderstehlichen Augenaufschlag!<\/p>\n\n\n\n<p><strong>Ich bin VIP Lashes zertifiziert, dem Pionier in der Schweiz.<\/strong><br>KK Konkave Lashes der neuesten Generation exklusiv bei VIP Lashes<br>&#8211; Dank der konkaven Ansatz Form haben sie eine gr\u00f6ssere Auflagefl\u00e4che<br>&#8211; Ummantelung der Naturwimper bis 45%<br>&#8211; KK Konkave Lashes sind sehr leicht, 40% leichter als Standardlashes<\/p>\n\n\n\n<p><strong>Meine Preise f\u00fcr Wimpern Extensions:<\/strong><\/p>\n\n\n\n<div class=\"wp-block-columns is-layout-flex wp-container-core-columns-is-layout-28f84493 wp-block-columns-is-layout-flex\">\n<div class=\"wp-block-column is-layout-flow wp-block-column-is-layout-flow\">\n<p>Neues Set <br>inkl. Service Check innert 8 Tagen: &nbsp; \u2003\u2003CHF 240.00  &#8211; 280.00<\/p>\n\n\n\n<p>Klassisch 1:1.<\/p>\n\n\n\n<p> CHF 240.00<\/p>\n\n\n\n<p>Soft Volumen 2D \/ 3D \/ 5D  <\/p>\n\n\n\n<p>sowie Hybrid Technik.<\/p>\n\n\n\n<p> CHF 280.00<\/p>\n\n\n\n<p>Dies ist eine Kombination aus klassischen und Volumenwimpern. Diese Methode bietet einen mittleren Look zwischen nat\u00fcrlich und volumin\u00f6s.<\/p>\n\n\n\n<p><\/p>\n\n\n\n<p><br>Auff\u00fcllen nach 2 Wochen &nbsp; &nbsp; &nbsp; &nbsp; &nbsp; &nbsp; <br>CHF 89.00<br><br>Auff\u00fcllen nach 3 Wochen &nbsp; &nbsp; &nbsp; &nbsp; &nbsp; &nbsp; &nbsp; <br>CHF 109.00<br><br>Auff\u00fcllen nach 4 Wochen<br>CHF 129.00<\/p>\n<\/div>\n\n\n\n<div class=\"wp-block-column is-layout-flow wp-block-column-is-layout-flow\">\n<figure class=\"wp-block-image size-large\"><img loading=\"lazy\" decoding=\"async\" width=\"942\" height=\"1024\" src=\"https:\/\/xn--profi-stylistin-wdenswil-zh-rkc.logisch.ch\/wp-content\/uploads\/2024\/05\/Wimpernverlaengerung-942x1024.jpg\" alt=\"\" class=\"wp-image-400\" srcset=\"https:\/\/xn--profi-stylistin-wdenswil-zh-rkc.logisch.ch\/wp-content\/uploads\/2024\/05\/Wimpernverlaengerung-942x1024.jpg 942w, https:\/\/xn--profi-stylistin-wdenswil-zh-rkc.logisch.ch\/wp-content\/uploads\/2024\/05\/Wimpernverlaengerung-276x300.jpg 276w, https:\/\/xn--profi-stylistin-wdenswil-zh-rkc.logisch.ch\/wp-content\/uploads\/2024\/05\/Wimpernverlaengerung-768x835.jpg 768w, https:\/\/xn--profi-stylistin-wdenswil-zh-rkc.logisch.ch\/wp-content\/uploads\/2024\/05\/Wimpernverlaengerung.jpg 1061w\" sizes=\"auto, (max-width: 942px) 100vw, 942px\" \/><\/figure>\n<\/div>\n<\/div>\n\n\n\n<div class=\"wp-block-columns is-layout-flex wp-container-core-columns-is-layout-28f84493 wp-block-columns-is-layout-flex\">\n<div class=\"wp-block-column is-layout-flow wp-block-column-is-layout-flow\"><\/div>\n\n\n\n<div class=\"wp-block-column is-layout-flow wp-block-column-is-layout-flow\"><\/div>\n\n\n\n<div class=\"wp-block-column is-layout-flow wp-block-column-is-layout-flow\"><\/div>\n<\/div>\n\n\n\n<div class=\"wp-block-columns is-layout-flex wp-container-core-columns-is-layout-28f84493 wp-block-columns-is-layout-flex\">\n<div class=\"wp-block-column is-layout-flow wp-block-column-is-layout-flow\" style=\"flex-basis:25%\"><\/div>\n\n\n\n<div class=\"wp-block-column is-layout-flow wp-block-column-is-layout-flow\" style=\"flex-basis:50%\"><\/div>\n\n\n\n<div class=\"wp-block-column is-layout-flow wp-block-column-is-layout-flow\" style=\"flex-basis:25%\"><\/div>\n<\/div>\n\n\n\n<div class=\"wp-block-columns is-layout-flex wp-container-core-columns-is-layout-28f84493 wp-block-columns-is-layout-flex\">\n<div class=\"wp-block-column is-layout-flow wp-block-column-is-layout-flow\" style=\"flex-basis:33.33%\"><\/div>\n\n\n\n<div class=\"wp-block-column is-layout-flow wp-block-column-is-layout-flow\" style=\"flex-basis:66.66%\"><\/div>\n<\/div>\n\n\n\n<div class=\"wp-block-cover\"><span aria-hidden=\"true\" class=\"wp-block-cover__background has-background-dim\"><\/span><img loading=\"lazy\" decoding=\"async\" width=\"1024\" height=\"412\" class=\"wp-block-cover__image-background wp-image-638\" alt=\"\" src=\"https:\/\/xn--profi-stylistin-wdenswil-zh-rkc.logisch.ch\/wp-content\/uploads\/2024\/05\/20240530_1249473-1024x412.jpg\" data-object-fit=\"cover\" srcset=\"https:\/\/xn--profi-stylistin-wdenswil-zh-rkc.logisch.ch\/wp-content\/uploads\/2024\/05\/20240530_1249473-1024x412.jpg 1024w, https:\/\/xn--profi-stylistin-wdenswil-zh-rkc.logisch.ch\/wp-content\/uploads\/2024\/05\/20240530_1249473-300x121.jpg 300w, https:\/\/xn--profi-stylistin-wdenswil-zh-rkc.logisch.ch\/wp-content\/uploads\/2024\/05\/20240530_1249473-768x309.jpg 768w, https:\/\/xn--profi-stylistin-wdenswil-zh-rkc.logisch.ch\/wp-content\/uploads\/2024\/05\/20240530_1249473-1536x618.jpg 1536w, https:\/\/xn--profi-stylistin-wdenswil-zh-rkc.logisch.ch\/wp-content\/uploads\/2024\/05\/20240530_1249473.jpg 1959w\" sizes=\"auto, (max-width: 1024px) 100vw, 1024px\" \/><div class=\"wp-block-cover__inner-container is-layout-flow wp-block-cover-is-layout-flow\">\n<p class=\"has-text-align-left has-large-font-size\"><em>Vorher \/ Nachher <\/em><\/p>\n\n\n\n<p>Hybrid Technik 3D \/ 5 D Volumen<\/p>\n<\/div><\/div>\n\n\n\n<div class=\"wp-block-columns are-vertically-aligned-center is-layout-flex wp-container-core-columns-is-layout-28f84493 wp-block-columns-is-layout-flex\">\n<div class=\"wp-block-column is-vertically-aligned-center is-layout-flow wp-block-column-is-layout-flow\">\n<figure class=\"wp-block-image aligncenter size-large is-resized\"><img decoding=\"async\" src=\"https:\/\/xn--profi-stylistin-wdenswil-6bc.revier.ch\/wp-content\/uploads\/2024\/05\/20240530_1520473-1024x359.jpg\" alt=\"\" class=\"wp-image-639\" style=\"width:321px;height:auto\"\/><\/figure>\n\n\n\n<figure class=\"wp-block-image size-large is-resized\"><img decoding=\"async\" src=\"https:\/\/xn--profi-stylistin-wdenswil-6bc.revier.ch\/wp-content\/uploads\/2024\/05\/20240530_1459272-1024x768.jpg\" alt=\"\" class=\"wp-image-637\" style=\"width:321px;height:auto\"\/><\/figure>\n\n\n\n<p><\/p>\n\n\n\n<p><\/p>\n\n\n\n<p><\/p>\n\n\n\n<p><\/p>\n<\/div>\n\n\n\n<div class=\"wp-block-column is-vertically-aligned-center is-layout-flow wp-block-column-is-layout-flow\"><\/div>\n<\/div>\n","protected":false},"excerpt":{"rendered":"<p>Der Traum jeder Frau &#8211; lange, nat\u00fcrlich geschwungene und dichte Wimpern! Seit 13 Jahren bin ich zertifizierte Wimpernexpertin und ich arbeite ausschliesslich im tragbaren nat\u00fcrlichen Bereich.Das sch\u00e4tzen meine Kunden sehr an meiner Arbeit. Damit die Kundin lange Freude an ihren Eigenwimpern hat .Damit diese nicht gesch\u00e4digt werden durch zu viel Gewicht oder zu unnat\u00fcrliche L\u00e4ngenauswahl.In [&hellip;]<\/p>\n","protected":false},"author":1,"featured_media":0,"parent":0,"menu_order":2,"comment_status":"closed","ping_status":"closed","template":"","meta":{"footnotes":""},"class_list":["post-12","page","type-page","status-publish","hentry"],"_links":{"self":[{"href":"https:\/\/xn--profi-stylistin-wdenswil-zh-rkc.logisch.ch\/index.php\/wp-json\/wp\/v2\/pages\/12","targetHints":{"allow":["GET"]}}],"collection":[{"href":"https:\/\/xn--profi-stylistin-wdenswil-zh-rkc.logisch.ch\/index.php\/wp-json\/wp\/v2\/pages"}],"about":[{"href":"https:\/\/xn--profi-stylistin-wdenswil-zh-rkc.logisch.ch\/index.php\/wp-json\/wp\/v2\/types\/page"}],"author":[{"embeddable":true,"href":"https:\/\/xn--profi-stylistin-wdenswil-zh-rkc.logisch.ch\/index.php\/wp-json\/wp\/v2\/users\/1"}],"replies":[{"embeddable":true,"href":"https:\/\/xn--profi-stylistin-wdenswil-zh-rkc.logisch.ch\/index.php\/wp-json\/wp\/v2\/comments?post=12"}],"version-history":[{"count":0,"href":"https:\/\/xn--profi-stylistin-wdenswil-zh-rkc.logisch.ch\/index.php\/wp-json\/wp\/v2\/pages\/12\/revisions"}],"wp:attachment":[{"href":"https:\/\/xn--profi-stylistin-wdenswil-zh-rkc.logisch.ch\/index.php\/wp-json\/wp\/v2\/media?parent=12"}],"curies":[{"name":"wp","href":"https:\/\/api.w.org\/{rel}","templated":true}]}}