{"id":18,"date":"2024-04-23T20:45:11","date_gmt":"2024-04-23T20:45:11","guid":{"rendered":"https:\/\/xn--profi-stylistin-wdenswil-6bc.revier.ch\/?page_id=18"},"modified":"2024-04-23T20:45:11","modified_gmt":"2024-04-23T20:45:11","slug":"henna-brows","status":"publish","type":"page","link":"https:\/\/xn--profi-stylistin-wdenswil-zh-rkc.logisch.ch\/index.php\/henna-brows\/","title":{"rendered":"Henna Brows"},"content":{"rendered":"\n<h2 class=\"wp-block-heading\">GOODBYE MICROBLADING, HELLO HENNA BROW<\/h2>\n\n\n\n<p>In meinem Atelier biete ich Ihnen diese spezielle Technik zur Versch\u00f6nerung und Definition derAugenbrauen mit Henna. Henna Brows sind eine Nat\u00fcrliche Alternative zu herk\u00f6mmlichen Augenbrauenf\u00e4rbungen und bieten eine l\u00e4nger anhaltende Farbe sowie einen tempor\u00e4ren T\u00e4towierungseffekt auf der Haut unter den Augenbrauen.<\/p>\n\n\n\n<h2 class=\"wp-block-heading\">Vorteile von Henna Brows<\/h2>\n\n\n\n<p><strong>Nat\u00fcrliche<\/strong> <strong>Inhaltsstoffe<\/strong> : Henna ist eine pflanzliche Farbe, die schonender zur Haut sein kann als chemische F\u00e4rbemittel. Gerne k\u00f6nnen Sie einen vorzeitigen Allergietest bei mir machen mindestens 48 Stunden vor Ihrer Behandlung.<\/p>\n\n\n\n<p><strong>Langanhaltend<\/strong>: Henna f\u00e4rbt sowohl die Haare als auch die Haut, was zu einer volleren und und definierten Augenbrauenform f\u00fchrt, die mehrere Wochen halten kann.<\/p>\n\n\n\n<p><strong>Individuelle Anpassung<\/strong>: Die Farbtiefe und Form k\u00f6nnen individuell angepasst werden, um den besten Look f\u00fcr Ihre Augenbrauen zu erzielen.<\/p>\n\n\n\n<p><\/p>\n\n\n\n<p>Veganes Augenbrauenf\u00e4rben mit Tattoo-Effekt! Auch f\u00fcr Schwangere geeignet.<\/p>\n\n\n\n<p>Henna ist definitiv eine Alternative zum Microblading.&nbsp;<\/p>\n\n\n\n<p>Ich verwende Supercilium Brow Henna,&nbsp;da dieses Produkt 100% vegan, ohne Tierversuche, auf Rosenwasser-Basis hergestellt ist und damit besonders geeignet f\u00fcr empfindliche Haut, Allergiker und Schwangere.<\/p>\n\n\n\n<p>Mit jeder Behandlung, alle 3-6 Wochen, werden die H\u00e4rchen ges\u00fcnder, fester und glanzvoller.<\/p>\n\n\n\n<h2 class=\"wp-block-heading\">Mein Brow Service<\/h2>\n\n\n\n<div class=\"wp-block-columns is-layout-flex wp-container-core-columns-is-layout-28f84493 wp-block-columns-is-layout-flex\">\n<div class=\"wp-block-column is-layout-flow wp-block-column-is-layout-flow\" style=\"flex-basis:33.33%\">\n<figure class=\"wp-block-image size-large\"><img loading=\"lazy\" decoding=\"async\" width=\"836\" height=\"1024\" src=\"https:\/\/xn--profi-stylistin-wdenswil-zh-rkc.logisch.ch\/wp-content\/uploads\/2024\/04\/image-3-836x1024.png\" alt=\"\" class=\"wp-image-19\" srcset=\"https:\/\/xn--profi-stylistin-wdenswil-zh-rkc.logisch.ch\/wp-content\/uploads\/2024\/04\/image-3-836x1024.png 836w, https:\/\/xn--profi-stylistin-wdenswil-zh-rkc.logisch.ch\/wp-content\/uploads\/2024\/04\/image-3-245x300.png 245w, https:\/\/xn--profi-stylistin-wdenswil-zh-rkc.logisch.ch\/wp-content\/uploads\/2024\/04\/image-3-768x941.png 768w, https:\/\/xn--profi-stylistin-wdenswil-zh-rkc.logisch.ch\/wp-content\/uploads\/2024\/04\/image-3.png 909w\" sizes=\"auto, (max-width: 836px) 100vw, 836px\" \/><\/figure>\n<\/div>\n\n\n\n<div class=\"wp-block-column is-layout-flow wp-block-column-is-layout-flow\" style=\"flex-basis:66.66%\">\n<p><strong>Brow WOW Design:<\/strong> <br>\u20031. Brow Mapping &#8211; Kartieren<br>\u20032. Reinigen, wachsen, zupfen, formen<br>\u20033. Henna tinting (45-60 Mi.)<\/p>\n\n\n\n<p>CHF 87.00<\/p>\n\n\n\n<p><strong>Brow Style:<\/strong><br>\u2003Wachsen, zupfen\u2003&nbsp; <br>    CHF 40.00<br>\u2003Brauen f\u00e4rben\u2003\u2003\u2003 <br>    CHF 50.00<\/p>\n<\/div>\n<\/div>\n\n\n\n<hr class=\"wp-block-separator has-alpha-channel-opacity\"\/>\n\n\n\n<h2 class=\"wp-block-heading\">Farbpalette f\u00fcr Henna-Brauen<\/h2>\n\n\n\n<p>Henna f\u00fcr Augenbrauen ist in verschiedenen Farben erh\u00e4ltlich, um verschiedene Hautt\u00f6ne und Haarfarben zu erg\u00e4nzen. Hier sind einige g\u00e4ngige Farbt\u00f6ne:<\/p>\n\n\n\n<ol class=\"wp-block-list\">\n<li><strong>Blond<\/strong>: Ein heller, k\u00fchler Farbton, der sich gut f\u00fcr helle Haut und blonde Haare eignet.<\/li>\n\n\n\n<li><strong>Hellbraun<\/strong>: Ein w\u00e4rmerer Farbton, der zu mittleren Hautt\u00f6nen und hellbraunen Haaren passt.<\/li>\n\n\n\n<li><strong>Mittelbraun<\/strong>: Ein universeller Farbton, der f\u00fcr viele Hautt\u00f6ne und Haarfarben geeignet ist.<\/li>\n\n\n\n<li><strong>Dunkelbraun<\/strong>: Ein tiefer, satter Braunton, der ideal f\u00fcr dunklere Haut und dunkle Haare ist.<\/li>\n\n\n\n<li><strong>Schwarz<\/strong>: Ein intensiver Farbton f\u00fcr sehr dunkle Haut und Haare.<\/li>\n<\/ol>\n\n\n\n<h2 class=\"wp-block-heading\">Pflege nach der Anwendung<\/h2>\n\n\n\n<p>Um die Haltbarkeit der Henna-Brauen zu verl\u00e4ngern, vermeide das Einwirken von Wasser und intensiven Reinigungsmitteln auf die Augenbrauen f\u00fcr die ersten 24 Stunden nach der Anwendung. Verwende au\u00dferdem milde Produkte zur Gesichtspflege und sch\u00fctze die Augenbrauen vor \u00fcberm\u00e4\u00dfiger Sonneneinstrahlung.<\/p>\n\n\n\n<p>Henna-Brauen sind eine ausgezeichnete Wahl f\u00fcr alle, die eine nat\u00fcrliche, langanhaltende L\u00f6sung f\u00fcr definierte Augenbrauen suchen.<\/p>\n\n\n\n<p><\/p>\n","protected":false},"excerpt":{"rendered":"<p>GOODBYE MICROBLADING, HELLO HENNA BROW In meinem Atelier biete ich Ihnen diese spezielle Technik zur Versch\u00f6nerung und Definition derAugenbrauen mit Henna. Henna Brows sind eine Nat\u00fcrliche Alternative zu herk\u00f6mmlichen Augenbrauenf\u00e4rbungen und bieten eine l\u00e4nger anhaltende Farbe sowie einen tempor\u00e4ren T\u00e4towierungseffekt auf der Haut unter den Augenbrauen. Vorteile von Henna Brows Nat\u00fcrliche Inhaltsstoffe : Henna ist [&hellip;]<\/p>\n","protected":false},"author":1,"featured_media":0,"parent":0,"menu_order":2,"comment_status":"closed","ping_status":"closed","template":"","meta":{"footnotes":""},"class_list":["post-18","page","type-page","status-publish","hentry"],"_links":{"self":[{"href":"https:\/\/xn--profi-stylistin-wdenswil-zh-rkc.logisch.ch\/index.php\/wp-json\/wp\/v2\/pages\/18","targetHints":{"allow":["GET"]}}],"collection":[{"href":"https:\/\/xn--profi-stylistin-wdenswil-zh-rkc.logisch.ch\/index.php\/wp-json\/wp\/v2\/pages"}],"about":[{"href":"https:\/\/xn--profi-stylistin-wdenswil-zh-rkc.logisch.ch\/index.php\/wp-json\/wp\/v2\/types\/page"}],"author":[{"embeddable":true,"href":"https:\/\/xn--profi-stylistin-wdenswil-zh-rkc.logisch.ch\/index.php\/wp-json\/wp\/v2\/users\/1"}],"replies":[{"embeddable":true,"href":"https:\/\/xn--profi-stylistin-wdenswil-zh-rkc.logisch.ch\/index.php\/wp-json\/wp\/v2\/comments?post=18"}],"version-history":[{"count":0,"href":"https:\/\/xn--profi-stylistin-wdenswil-zh-rkc.logisch.ch\/index.php\/wp-json\/wp\/v2\/pages\/18\/revisions"}],"wp:attachment":[{"href":"https:\/\/xn--profi-stylistin-wdenswil-zh-rkc.logisch.ch\/index.php\/wp-json\/wp\/v2\/media?parent=18"}],"curies":[{"name":"wp","href":"https:\/\/api.w.org\/{rel}","templated":true}]}}