{"id":30,"date":"2024-04-23T21:03:11","date_gmt":"2024-04-23T21:03:11","guid":{"rendered":"https:\/\/xn--profi-stylistin-wdenswil-6bc.revier.ch\/?page_id=30"},"modified":"2024-04-23T21:03:11","modified_gmt":"2024-04-23T21:03:11","slug":"work-me","status":"publish","type":"page","link":"https:\/\/xn--profi-stylistin-wdenswil-zh-rkc.logisch.ch\/index.php\/work-me\/","title":{"rendered":"\u00fcber mich"},"content":{"rendered":"\n<div class=\"wp-block-columns is-layout-flex wp-container-core-columns-is-layout-28f84493 wp-block-columns-is-layout-flex\">\n<div class=\"wp-block-column is-layout-flow wp-block-column-is-layout-flow\">\n<figure class=\"wp-block-image size-full\"><img loading=\"lazy\" decoding=\"async\" width=\"384\" height=\"576\" src=\"https:\/\/xn--profi-stylistin-wdenswil-zh-rkc.logisch.ch\/wp-content\/uploads\/2024\/05\/Portrait-Inge.jpg\" alt=\"\" class=\"wp-image-243\" srcset=\"https:\/\/xn--profi-stylistin-wdenswil-zh-rkc.logisch.ch\/wp-content\/uploads\/2024\/05\/Portrait-Inge.jpg 384w, https:\/\/xn--profi-stylistin-wdenswil-zh-rkc.logisch.ch\/wp-content\/uploads\/2024\/05\/Portrait-Inge-200x300.jpg 200w\" sizes=\"auto, (max-width: 384px) 100vw, 384px\" \/><\/figure>\n<\/div>\n\n\n\n<div class=\"wp-block-column is-layout-flow wp-block-column-is-layout-flow\">\n<h3 class=\"wp-block-heading\">Ihre professionelle Coiffeur-Meisterin und Visagistin.<\/h3>\n\n\n\n<p>Ich biete Ihnen f\u00fcr jeden Anlass ein professionelles und typgerechtes Styling, an dem von Ihnen gew\u00fcnschten Ort oder in meinem Atelier in 8820 W\u00e4denswil\/ZH.<br><\/p>\n\n\n\n<hr class=\"wp-block-separator has-alpha-channel-opacity\"\/>\n<\/div>\n\n\n\n<div class=\"wp-block-column is-layout-flow wp-block-column-is-layout-flow\"><\/div>\n<\/div>\n\n\n\n<div class=\"wp-block-columns are-vertically-aligned-center is-layout-flex wp-container-core-columns-is-layout-28f84493 wp-block-columns-is-layout-flex\">\n<div class=\"wp-block-column is-vertically-aligned-center is-layout-flow wp-block-column-is-layout-flow\" style=\"flex-basis:33.33%\">\n<p>Als Master of Colors und mit Vidal Sassoon gepr\u00e4gtem Stil, liebe ich meinen Beruf seit \u00fcber 30 Jahren. Die neuesten Trends erfahre ich jedes Jahr in Workshops in London, Paris und Deutschland, um sie an Sie weiterzugeben.<\/p>\n<\/div>\n\n\n\n<div class=\"wp-block-column is-vertically-aligned-center is-layout-flow wp-block-column-is-layout-flow\" style=\"flex-basis:66.66%\">\n<figure class=\"wp-block-image size-full is-resized\"><img loading=\"lazy\" decoding=\"async\" width=\"683\" height=\"1024\" src=\"https:\/\/xn--profi-stylistin-wdenswil-zh-rkc.logisch.ch\/wp-content\/uploads\/2024\/05\/ueber-mich-Arbeit.jpg\" alt=\"\" class=\"wp-image-405\" style=\"width:426px;height:auto\" srcset=\"https:\/\/xn--profi-stylistin-wdenswil-zh-rkc.logisch.ch\/wp-content\/uploads\/2024\/05\/ueber-mich-Arbeit.jpg 683w, https:\/\/xn--profi-stylistin-wdenswil-zh-rkc.logisch.ch\/wp-content\/uploads\/2024\/05\/ueber-mich-Arbeit-200x300.jpg 200w\" sizes=\"auto, (max-width: 683px) 100vw, 683px\" \/><\/figure>\n<\/div>\n<\/div>\n\n\n\n<h2 class=\"wp-block-heading\"><strong>Referenzen<\/strong><\/h2>\n\n\n\n<p>Meine Referenzen sind unter anderem das Schweizer Fernsehen SRF, Joiz der Jugendsender, Zurich Film Festival, Pro7, Top Adressen in D\u00fcsseldorf u.a verschiedene Modeh\u00e4user wie Chanel , Prada  u.v.m. professionelle Fotografen und Runway Shows, wie Davidoff, Elite Model Contest, Schwarzkopf Werbekampagne, Bambi &#8211; Verleihung, <\/p>\n\n\n\n<hr class=\"wp-block-separator has-alpha-channel-opacity\"\/>\n\n\n\n<figure class=\"wp-block-image size-large\"><img loading=\"lazy\" decoding=\"async\" width=\"1024\" height=\"683\" src=\"https:\/\/xn--profi-stylistin-wdenswil-zh-rkc.logisch.ch\/wp-content\/uploads\/2024\/05\/Profi-Styling-Inge-7-1024x683.jpg\" alt=\"\" class=\"wp-image-244\" srcset=\"https:\/\/xn--profi-stylistin-wdenswil-zh-rkc.logisch.ch\/wp-content\/uploads\/2024\/05\/Profi-Styling-Inge-7-1024x683.jpg 1024w, https:\/\/xn--profi-stylistin-wdenswil-zh-rkc.logisch.ch\/wp-content\/uploads\/2024\/05\/Profi-Styling-Inge-7-300x200.jpg 300w, https:\/\/xn--profi-stylistin-wdenswil-zh-rkc.logisch.ch\/wp-content\/uploads\/2024\/05\/Profi-Styling-Inge-7-768x512.jpg 768w, https:\/\/xn--profi-stylistin-wdenswil-zh-rkc.logisch.ch\/wp-content\/uploads\/2024\/05\/Profi-Styling-Inge-7-1536x1024.jpg 1536w, https:\/\/xn--profi-stylistin-wdenswil-zh-rkc.logisch.ch\/wp-content\/uploads\/2024\/05\/Profi-Styling-Inge-7.jpg 1800w\" sizes=\"auto, (max-width: 1024px) 100vw, 1024px\" \/><\/figure>\n\n\n\n<h2 class=\"wp-block-heading\"><strong>Laufbahn<\/strong><\/h2>\n\n\n\n<p>Geboren im sch\u00f6nen Rheinland erblickte ich 1970 das Licht der Welt.<\/p>\n\n\n\n<p>1987 begann ich meine Ausbildung zur Friseurin, mit der Idee, hinterher eine weitere Ausbildung zur Maskenbildnerin abzuschliessen. Schnell begriff ich, was alles m\u00f6glich ist. Ich war begeistert welche Vielfalt dieser Beruf zu bieten hat. Die ersten Erfahrungen f\u00fcr Hair &amp; Make up machte ich bereits in der Ausbildung, wo ich jedes Jahr an Wettbewerben erfolgreich teilgenommen habe. Dadurch bekam ich ein geschultes Auge f\u00fcr Formen und Farben sowie f\u00fcr das gesamte Styling. Somit war der Grundstein f\u00fcr meine stetigen Weiterbildungen gelegt .Nach meiner Ausbildung ging ich nach D\u00fcsseldorf und arbeitete 18 Jahre auf der K\u00f6nigsalle bei Intercoiffeur Junge und durfte dort die ersten Erfahrungen mit Kunden des \u00f6ffentliches Lebes machen. Ob Schauspieler, S\u00e4nger, Top Modell oder auch so manch eine k\u00f6nigliche Pers\u00f6nlichkeit durfte ich bereits verzaubern. Ich wurde immer \u00f6fter f\u00fcr grosse Anl\u00e4sse gebucht, wo ich meine Arbeiten dann in den grossen Boulevard Zeitungen oder im TV bestaunen durfte. Ich reiste nach London, Paris um von den Besten zu lernen und absolvierte 2005 meine Visagisten- und Meisterschule. In D\u00fcsseldorf war ich dann selbstst\u00e4ndig bis mich dann die Liebe in die Schweiz f\u00fchrte. Dort durfte ich f\u00fcr das Schweizer Fernsehen sowie f\u00fcr Joiz dem Jugendsender als Hair &amp; Make up Artist arbeiten. 2013 schloss ich meine Ausbildung bei VIP Lashes zur zertifizierten Wimpernexpertin ab. Bis Heute habe ich unz\u00e4hlige Aus- und Weiterbildungen im Bereich Beauty \/Haartrends get\u00e4tigt, und es ist mir ein vergn\u00fcgen Ihnen das beste und neueste anzuvertrauen.<\/p>\n\n\n\n<p>Weil es Spass und Freude macht, nah am Puls der Zeit zu sein.<\/p>\n\n\n\n<p>Ich besuche jedes Jahr neue Workshops und Messen im In- und Ausland<\/p>\n\n\n\n<p>Viele Inspirationen bringe ich mir von meinen Reisen \u00fcber oder unter Wasser mit.<\/p>\n\n\n\n<p>Ich lerne nur von den Besten aus der Branche um Ihnen das Beste weiterzugeben<\/p>\n\n\n\n<p><\/p>\n\n\n\n<p><\/p>\n","protected":false},"excerpt":{"rendered":"<p>Ihre professionelle Coiffeur-Meisterin und Visagistin. Ich biete Ihnen f\u00fcr jeden Anlass ein professionelles und typgerechtes Styling, an dem von Ihnen gew\u00fcnschten Ort oder in meinem Atelier in 8820 W\u00e4denswil\/ZH. Als Master of Colors und mit Vidal Sassoon gepr\u00e4gtem Stil, liebe ich meinen Beruf seit \u00fcber 30 Jahren. Die neuesten Trends erfahre ich jedes Jahr in [&hellip;]<\/p>\n","protected":false},"author":1,"featured_media":0,"parent":0,"menu_order":1,"comment_status":"closed","ping_status":"closed","template":"","meta":{"footnotes":""},"class_list":["post-30","page","type-page","status-publish","hentry"],"_links":{"self":[{"href":"https:\/\/xn--profi-stylistin-wdenswil-zh-rkc.logisch.ch\/index.php\/wp-json\/wp\/v2\/pages\/30","targetHints":{"allow":["GET"]}}],"collection":[{"href":"https:\/\/xn--profi-stylistin-wdenswil-zh-rkc.logisch.ch\/index.php\/wp-json\/wp\/v2\/pages"}],"about":[{"href":"https:\/\/xn--profi-stylistin-wdenswil-zh-rkc.logisch.ch\/index.php\/wp-json\/wp\/v2\/types\/page"}],"author":[{"embeddable":true,"href":"https:\/\/xn--profi-stylistin-wdenswil-zh-rkc.logisch.ch\/index.php\/wp-json\/wp\/v2\/users\/1"}],"replies":[{"embeddable":true,"href":"https:\/\/xn--profi-stylistin-wdenswil-zh-rkc.logisch.ch\/index.php\/wp-json\/wp\/v2\/comments?post=30"}],"version-history":[{"count":0,"href":"https:\/\/xn--profi-stylistin-wdenswil-zh-rkc.logisch.ch\/index.php\/wp-json\/wp\/v2\/pages\/30\/revisions"}],"wp:attachment":[{"href":"https:\/\/xn--profi-stylistin-wdenswil-zh-rkc.logisch.ch\/index.php\/wp-json\/wp\/v2\/media?parent=30"}],"curies":[{"name":"wp","href":"https:\/\/api.w.org\/{rel}","templated":true}]}}