{"id":374,"date":"2024-05-19T11:13:32","date_gmt":"2024-05-19T11:13:32","guid":{"rendered":"https:\/\/xn--profi-stylistin-wdenswil-6bc.revier.ch\/?page_id=374"},"modified":"2024-05-19T11:13:32","modified_gmt":"2024-05-19T11:13:32","slug":"kleine-auszeit","status":"publish","type":"page","link":"https:\/\/xn--profi-stylistin-wdenswil-zh-rkc.logisch.ch\/index.php\/kleine-auszeit\/","title":{"rendered":"Kleine Auszeit"},"content":{"rendered":"\n<h2 class=\"wp-block-heading\">Chakra Kopf- und Gesichtsmassage<\/h2>\n\n\n\n<p>Eine kleine Auszeit biete ich Ihnen mit wundervollen ayurvedischen \u00d6len und Essenzen. Dabei k\u00f6nnen Sie allen Stress hinter sich lassen. Sie d\u00fcrfen sich ganz in meine H\u00e4nde fallen lassen. <br>Zarte Ber\u00fchrungen sowie ein gezieltes Dr\u00fccken der Chakra-Punkte werden Sie wie neugeboren f\u00fchlen lassen. Hierbei werden das Stirn- und das Kronenchakra stimuliert. <br><br>AJNA Chakra &#8211; das Stirnchakra steht f\u00fcr Erkenntnis, Klarheit und \u00d6ffnung zur Seele und schafft eine ausgeglichene Energie. <br><br>SAHASRARA Chakra &#8211; das Kronenchakra befindet sich auf dem Scheitel des Kopfes und sorgt f\u00fcr ausgeglichene Energie. <br><br>Diese wundervolle Zeremonie wird mit der Klangschale begleitet und erm\u00f6glicht Ihnen einen kleine Reise zu sich selber. <br><br>Gelernt habe ich dies im wundervollen Sri Lanka. <br><br>Lassen Sie es sich nicht entgehen. <br><br>Kleine Auszeit<br>Chakra Kopf- und Gesichtsmassage<br>25 Minuten<br>CHF 55.00<br><br>Nur Gesicht, 20 Minuten<br>CHF 45.00<br><br>Nur Kopf, 20 Minuten<br>CHF CHF 45.00<br><\/p>\n\n\n\n<p>Mit dem Kopf und dem Gesicht begegnen Sie der ganzen Welt!<br>Mit diesem Retreat sorge ich f\u00fcr Ihr Wohlbefinden und Ihr inneres Strahlen. Ideal nach einer Augenbrauenbehandlung  oder einer Wimpernverl\u00e4ngerung. <br>sonst selbstverst\u00e4ndlich auch einzeln buchbar. <\/p>\n\n\n\n<figure class=\"wp-block-image size-large\"><img decoding=\"async\" src=\"https:\/\/xn--profi-stylistin-wdenswil-6bc.revier.ch\/wp-content\/uploads\/2024\/05\/20240530_120841-1024x768.jpg\" alt=\"\" class=\"wp-image-630\"\/><\/figure>\n\n\n\n<figure class=\"wp-block-image size-large\"><img loading=\"lazy\" decoding=\"async\" width=\"971\" height=\"1024\" src=\"https:\/\/xn--profi-stylistin-wdenswil-zh-rkc.logisch.ch\/wp-content\/uploads\/2024\/05\/Screenshot_20240520_171600_Facebook2-971x1024.jpg\" alt=\"\" class=\"wp-image-654\" srcset=\"https:\/\/xn--profi-stylistin-wdenswil-zh-rkc.logisch.ch\/wp-content\/uploads\/2024\/05\/Screenshot_20240520_171600_Facebook2-971x1024.jpg 971w, https:\/\/xn--profi-stylistin-wdenswil-zh-rkc.logisch.ch\/wp-content\/uploads\/2024\/05\/Screenshot_20240520_171600_Facebook2-284x300.jpg 284w, https:\/\/xn--profi-stylistin-wdenswil-zh-rkc.logisch.ch\/wp-content\/uploads\/2024\/05\/Screenshot_20240520_171600_Facebook2-768x810.jpg 768w, https:\/\/xn--profi-stylistin-wdenswil-zh-rkc.logisch.ch\/wp-content\/uploads\/2024\/05\/Screenshot_20240520_171600_Facebook2.jpg 1021w\" sizes=\"auto, (max-width: 971px) 100vw, 971px\" \/><\/figure>\n\n\n\n\n\n<figure class=\"wp-block-gallery has-nested-images columns-default is-cropped wp-block-gallery-1 is-layout-flex wp-block-gallery-is-layout-flex\"><\/figure>\n\n\n\n<figure class=\"wp-block-image size-large\"><img decoding=\"async\" src=\"https:\/\/xn--profi-stylistin-wdenswil-6bc.revier.ch\/wp-content\/uploads\/2024\/05\/20240530_121403-1024x768.jpg\" alt=\"\" class=\"wp-image-663\"\/><\/figure>\n","protected":false},"excerpt":{"rendered":"<p>Chakra Kopf- und Gesichtsmassage Eine kleine Auszeit biete ich Ihnen mit wundervollen ayurvedischen \u00d6len und Essenzen. Dabei k\u00f6nnen Sie allen Stress hinter sich lassen. Sie d\u00fcrfen sich ganz in meine H\u00e4nde fallen lassen. Zarte Ber\u00fchrungen sowie ein gezieltes Dr\u00fccken der Chakra-Punkte werden Sie wie neugeboren f\u00fchlen lassen. Hierbei werden das Stirn- und das Kronenchakra stimuliert. [&hellip;]<\/p>\n","protected":false},"author":3,"featured_media":0,"parent":0,"menu_order":0,"comment_status":"closed","ping_status":"closed","template":"","meta":{"footnotes":""},"class_list":["post-374","page","type-page","status-publish","hentry"],"_links":{"self":[{"href":"https:\/\/xn--profi-stylistin-wdenswil-zh-rkc.logisch.ch\/index.php\/wp-json\/wp\/v2\/pages\/374","targetHints":{"allow":["GET"]}}],"collection":[{"href":"https:\/\/xn--profi-stylistin-wdenswil-zh-rkc.logisch.ch\/index.php\/wp-json\/wp\/v2\/pages"}],"about":[{"href":"https:\/\/xn--profi-stylistin-wdenswil-zh-rkc.logisch.ch\/index.php\/wp-json\/wp\/v2\/types\/page"}],"author":[{"embeddable":true,"href":"https:\/\/xn--profi-stylistin-wdenswil-zh-rkc.logisch.ch\/index.php\/wp-json\/wp\/v2\/users\/3"}],"replies":[{"embeddable":true,"href":"https:\/\/xn--profi-stylistin-wdenswil-zh-rkc.logisch.ch\/index.php\/wp-json\/wp\/v2\/comments?post=374"}],"version-history":[{"count":0,"href":"https:\/\/xn--profi-stylistin-wdenswil-zh-rkc.logisch.ch\/index.php\/wp-json\/wp\/v2\/pages\/374\/revisions"}],"wp:attachment":[{"href":"https:\/\/xn--profi-stylistin-wdenswil-zh-rkc.logisch.ch\/index.php\/wp-json\/wp\/v2\/media?parent=374"}],"curies":[{"name":"wp","href":"https:\/\/api.w.org\/{rel}","templated":true}]}}