{"id":389,"date":"2024-05-19T14:40:59","date_gmt":"2024-05-19T14:40:59","guid":{"rendered":"https:\/\/xn--profi-stylistin-wdenswil-6bc.revier.ch\/?page_id=389"},"modified":"2024-05-19T14:40:59","modified_gmt":"2024-05-19T14:40:59","slug":"schoene-augenblicke","status":"publish","type":"page","link":"https:\/\/xn--profi-stylistin-wdenswil-zh-rkc.logisch.ch\/index.php\/schoene-augenblicke\/","title":{"rendered":"Sch\u00f6ne Augenblicke"},"content":{"rendered":"\n<h2 class=\"wp-block-heading\">BRAUEN UND WIMPERN<\/h2>\n\n\n\n<p>Die Augenbrauen sind der Rahmen um die Augen ausdrucksst\u00e4rker hervorzuheben. Das gekonnte Zupfen oder Wachsen ist eine Kunst, die mit einem sch\u00f6nen und ausdrucksvollen Blick belohnt wird.<\/p>\n\n\n\n<h2 class=\"wp-block-heading\"><strong>Package Brauen und Wimpern<\/strong><\/h2>\n\n\n\n<p>Brauen zupfen\/wachsen und f\u00e4rben und Wimpern f\u00e4rben.<br>CHF 75.00<\/p>\n\n\n\n<figure class=\"wp-block-image size-full\"><img loading=\"lazy\" decoding=\"async\" width=\"1009\" height=\"535\" src=\"https:\/\/xn--profi-stylistin-wdenswil-zh-rkc.logisch.ch\/wp-content\/uploads\/2024\/05\/Henna-Brows-Augenbrauen.jpg\" alt=\"\" class=\"wp-image-396\" srcset=\"https:\/\/xn--profi-stylistin-wdenswil-zh-rkc.logisch.ch\/wp-content\/uploads\/2024\/05\/Henna-Brows-Augenbrauen.jpg 1009w, https:\/\/xn--profi-stylistin-wdenswil-zh-rkc.logisch.ch\/wp-content\/uploads\/2024\/05\/Henna-Brows-Augenbrauen-300x159.jpg 300w, https:\/\/xn--profi-stylistin-wdenswil-zh-rkc.logisch.ch\/wp-content\/uploads\/2024\/05\/Henna-Brows-Augenbrauen-768x407.jpg 768w\" sizes=\"auto, (max-width: 1009px) 100vw, 1009px\" \/><\/figure>\n\n\n\n<h2 class=\"wp-block-heading\">Brauen f\u00e4rben und zupfen<\/h2>\n\n\n\n<p>Die Brauen sind der Rahmen Ihrer Augen. Perfekt gezupft und gef\u00e4rbt,  werden diese zu einem echten Blickfang<br>CHF 43.00 <\/p>\n\n\n\n<hr class=\"wp-block-separator has-alpha-channel-opacity\"\/>\n\n\n\n<h2 class=\"wp-block-heading\">Augenbrauen und Wimpern f\u00e4rben<\/h2>\n\n\n\n<p>Die perfekte Form ist bereits vorhanden? somit sparne wir Zeit und betonen mit Brauen- und Wimpernfarbe Ihre Augen. <br>CHF 58.00<\/p>\n\n\n\n<p>Wimpern Farbe<br>CHF 30.00<br>Augenbrauen Farbe<br>CHF 28.00<br>Augenbrauen waxen<br>CHF 28.00<\/p>\n\n\n\n<hr class=\"wp-block-separator has-alpha-channel-opacity\"\/>\n\n\n\n<h2 class=\"wp-block-heading\">Face Waxing<\/h2>\n\n\n\n<p>Gerne entferne ich Ihnen die unangenehmen H\u00e4\u00e4rchen, die selber schwer zu enkennen sind mit hautfreundlichem Gelwachs und anschliessender Aloe-Calendula-Lotion zur Beruhigung.<br>Oberlippe \u2003\u2003\u2003\u2003\u2003\u00a0<br>CHF 22.00<br>Wangen und Kinnpartie \u2003<br>CHF 27.00<\/p>\n","protected":false},"excerpt":{"rendered":"<p>BRAUEN UND WIMPERN Die Augenbrauen sind der Rahmen um die Augen ausdrucksst\u00e4rker hervorzuheben. Das gekonnte Zupfen oder Wachsen ist eine Kunst, die mit einem sch\u00f6nen und ausdrucksvollen Blick belohnt wird. Package Brauen und Wimpern Brauen zupfen\/wachsen und f\u00e4rben und Wimpern f\u00e4rben.CHF 75.00 Brauen f\u00e4rben und zupfen Die Brauen sind der Rahmen Ihrer Augen. Perfekt gezupft [&hellip;]<\/p>\n","protected":false},"author":3,"featured_media":0,"parent":0,"menu_order":0,"comment_status":"closed","ping_status":"closed","template":"","meta":{"footnotes":""},"class_list":["post-389","page","type-page","status-publish","hentry"],"_links":{"self":[{"href":"https:\/\/xn--profi-stylistin-wdenswil-zh-rkc.logisch.ch\/index.php\/wp-json\/wp\/v2\/pages\/389","targetHints":{"allow":["GET"]}}],"collection":[{"href":"https:\/\/xn--profi-stylistin-wdenswil-zh-rkc.logisch.ch\/index.php\/wp-json\/wp\/v2\/pages"}],"about":[{"href":"https:\/\/xn--profi-stylistin-wdenswil-zh-rkc.logisch.ch\/index.php\/wp-json\/wp\/v2\/types\/page"}],"author":[{"embeddable":true,"href":"https:\/\/xn--profi-stylistin-wdenswil-zh-rkc.logisch.ch\/index.php\/wp-json\/wp\/v2\/users\/3"}],"replies":[{"embeddable":true,"href":"https:\/\/xn--profi-stylistin-wdenswil-zh-rkc.logisch.ch\/index.php\/wp-json\/wp\/v2\/comments?post=389"}],"version-history":[{"count":0,"href":"https:\/\/xn--profi-stylistin-wdenswil-zh-rkc.logisch.ch\/index.php\/wp-json\/wp\/v2\/pages\/389\/revisions"}],"wp:attachment":[{"href":"https:\/\/xn--profi-stylistin-wdenswil-zh-rkc.logisch.ch\/index.php\/wp-json\/wp\/v2\/media?parent=389"}],"curies":[{"name":"wp","href":"https:\/\/api.w.org\/{rel}","templated":true}]}}