{"id":62,"date":"2024-04-24T07:27:56","date_gmt":"2024-04-24T07:27:56","guid":{"rendered":"https:\/\/xn--profi-stylistin-wdenswil-6bc.revier.ch\/?page_id=62"},"modified":"2024-04-24T07:27:56","modified_gmt":"2024-04-24T07:27:56","slug":"news-links","status":"publish","type":"page","link":"https:\/\/xn--profi-stylistin-wdenswil-zh-rkc.logisch.ch\/index.php\/news-links\/","title":{"rendered":"Blog"},"content":{"rendered":"\n<p>Was w\u00e4re ein Kosmetikstudio ohne das Getratsche? Also auch hier in digitaler Form&#8230;<\/p>\n\n\n<ul class=\"wp-block-latest-posts__list has-dates has-author wp-block-latest-posts\"><li><a class=\"wp-block-latest-posts__post-title\" href=\"https:\/\/xn--profi-stylistin-wdenswil-zh-rkc.logisch.ch\/index.php\/2024\/06\/28\/hello-world\/\">Hello world!<\/a><div class=\"wp-block-latest-posts__post-author\">von admin<\/div><time datetime=\"2024-06-28T16:45:30+00:00\" class=\"wp-block-latest-posts__post-date\">Juni 28, 2024<\/time><div class=\"wp-block-latest-posts__post-full-content\"><!-- wp:paragraph -->\n<p>Welcome to WordPress. This is your first post. Edit or delete it, then start writing!<\/p>\n<!-- \/wp:paragraph --><\/div><\/li>\n<li><a class=\"wp-block-latest-posts__post-title\" href=\"https:\/\/xn--profi-stylistin-wdenswil-zh-rkc.logisch.ch\/index.php\/2024\/05\/20\/die-kleine-auszeit\/\">Die kleine Auszeit&#8230;<\/a><div class=\"wp-block-latest-posts__post-author\">von Inge<\/div><time datetime=\"2024-05-20T12:55:05+00:00\" class=\"wp-block-latest-posts__post-date\">Mai 20, 2024<\/time><div class=\"wp-block-latest-posts__post-full-content\"><!-- wp:paragraph -->\n<p>Heute m\u00f6chte ich gerne dar\u00fcber berichten , warum mir dieses neue Retreat so am Herzen liegt.Ich bin sehr stolz darauf Sie zuk\u00fcnftig mit den besten Essenzen welches die Natur hergibt verw\u00f6hnen zu d\u00fcrfen.Hierbei begleite ich seid Jahren eine sehr gesch\u00e4tzte Kollegin ich nenne Sie die G\u00f6ttin der Natur.  Sie hat eine liebevolle und wunderbare Kosmetik Linie kreiert; wo sogar ich ein ganz klein wenig mitsprache Recht aus\u00fcben durfte. Wie bei der Duftauswahl, konsistenz und vorallendingen teste ich jedes Produkt selber aus welches in mein Atelier kommt.Diese ayurvedischen Produkte enthalten nur das beste was Mutter Natur zu bieten hat.Ich selber Reise seid \u00fcber 30 Jahren nach S\u00fcdostasien und liebe und lebe die Natur sowie die Kultur.Somit habe ich auch vor \u00fcber 20 Jahren eine Chakren Ausbildung und speziellle Masage oder Druckpunkt Techniken am Kopf sowie Gesicht lernen d\u00fcrfen in Sri Lanka .Sobald ich in mein geliebtes Asien reise bin ich immer wieder auf der Suche nach diesen wundervollen behandlungen, auch bin ich ein riesen Fan von einer Stirn\u00f6lgussbehandlung. Ich habe all die Jahre meine wundervollen Kundinnen nach abschluss einer Wimpernverl\u00e4ngerung oder face waxing eine kleine Auszeit als Abschluss meiner Behandlung offeriert, mit kurzen geziehlten Handgriffen und einarbeiten der Essenzen von Zalina Swiss Organic. Nun verehrte Leserin was soll ich ihnen sagen: anstatt langsam wach zu werden wollten die Kundinnen mehr&#8230;noch mehr entspannen. Somit schliesst sich mein Kreis und die kleine Auszeit ist geboren. Mit den tollen Produkten , mein wissen und Vorallendingen meiner grossen Leidenschaft , darf ich Sie entf\u00fchren 25 Minuten total zu entspannen.Begleitet mit der Klangschale feinsten Seren oder \u00d6le werden Sie wie neugeboren in den Alltag entlassen<\/p>\n<!-- \/wp:paragraph -->\n\n<!-- wp:heading {\"level\":1} -->\n<h1 class=\"wp-block-heading\">Wann darf ich Sie verw\u00f6hnen?<\/h1>\n<!-- \/wp:heading -->\n\n<!-- wp:heading -->\n<h2 class=\"wp-block-heading\">Ich freue mich auf Sie<\/h2>\n<!-- \/wp:heading -->\n\n<!-- wp:paragraph -->\n<p><\/p>\n<!-- \/wp:paragraph -->\n\n<!-- wp:image {\"id\":591,\"sizeSlug\":\"full\",\"linkDestination\":\"none\"} -->\n<figure class=\"wp-block-image size-full\"><img loading=\"lazy\" decoding=\"async\" width=\"270\" height=\"600\" src=\"https:\/\/xn--profi-stylistin-wdenswil-zh-rkc.logisch.ch\/wp-content\/uploads\/2024\/05\/1000036271.jpg\" alt=\"\" class=\"wp-image-591\" srcset=\"https:\/\/xn--profi-stylistin-wdenswil-zh-rkc.logisch.ch\/wp-content\/uploads\/2024\/05\/1000036271.jpg 270w, https:\/\/xn--profi-stylistin-wdenswil-zh-rkc.logisch.ch\/wp-content\/uploads\/2024\/05\/1000036271-135x300.jpg 135w\" sizes=\"auto, (max-width: 270px) 100vw, 270px\" \/><\/figure>\n<!-- \/wp:image --><\/div><\/li>\n<li><a class=\"wp-block-latest-posts__post-title\" href=\"https:\/\/xn--profi-stylistin-wdenswil-zh-rkc.logisch.ch\/index.php\/2024\/05\/12\/mai-aktion\/\">Mai Aktion<\/a><div class=\"wp-block-latest-posts__post-author\">von Sandra<\/div><time datetime=\"2024-05-12T04:17:15+00:00\" class=\"wp-block-latest-posts__post-date\">Mai 12, 2024<\/time><div class=\"wp-block-latest-posts__post-full-content\"><!-- wp:paragraph -->\n<p>DIE BADISAISON BEGINNT <img loading=\"lazy\" decoding=\"async\" height=\"16\" width=\"16\" src=\"https:\/\/static.xx.fbcdn.net\/images\/emoji.php\/v9\/tee\/2\/16\/2600.png\" alt=\"\u2600\ufe0f\"><img loading=\"lazy\" decoding=\"async\" height=\"16\" width=\"16\" src=\"https:\/\/static.xx.fbcdn.net\/images\/emoji.php\/v9\/tee\/2\/16\/2600.png\" alt=\"\u2600\ufe0f\"><img loading=\"lazy\" decoding=\"async\" height=\"16\" width=\"16\" src=\"https:\/\/static.xx.fbcdn.net\/images\/emoji.php\/v9\/tee\/2\/16\/2600.png\" alt=\"\u2600\ufe0f\"><br>Die Zeiten der Monsterwimpern waren gestern.<br>Der TREND geht zur\u00fcck zur Nat\u00fcrlichkeit.<br>WOF\u00dcR ICH SEIT 12 JAHREN STEHE.<br>Du m\u00f6chtest auf Mascara verzichten ?<br>Du m\u00f6chtest eine Verdichtung sowie Verl\u00e4ngerung deiner Wimpern, ohne deine Eigenwimper zu sch\u00e4digen?<\/p>\n<!-- \/wp:paragraph -->\n\n<!-- wp:paragraph -->\n<p>Ich zaubere deinen Augen einen WOW -Effekt<br>Buche heute noch dein VIP Lashes Angebot .<br>Ich freue mich auf Sie.<br><br>199.chf.anstatt 280 chf.<br>F\u00fcr ein Neuset (Analyse + Applikation ca.120 Min.)<br>Ich arbeite mit der Firma Viplashes\u00a0<img loading=\"lazy\" decoding=\"async\" height=\"16\" width=\"16\" src=\"https:\/\/static.xx.fbcdn.net\/images\/emoji.php\/v9\/t37\/2\/16\/1f1e8_1f1ed.png\" alt=\"\ud83c\udde8\ud83c\udded\"><\/p>\n<!-- \/wp:paragraph -->\n\n<!-- wp:gallery {\"linkTo\":\"none\"} -->\n<figure class=\"wp-block-gallery has-nested-images columns-default is-cropped\"><!-- wp:image {\"id\":273,\"sizeSlug\":\"large\",\"linkDestination\":\"none\"} -->\n<figure class=\"wp-block-image size-large\"><img loading=\"lazy\" decoding=\"async\" width=\"589\" height=\"1024\" src=\"https:\/\/xn--profi-stylistin-wdenswil-zh-rkc.logisch.ch\/wp-content\/uploads\/2024\/05\/Wimpern-Aktion-589x1024.jpeg\" alt=\"\" class=\"wp-image-273\" srcset=\"https:\/\/xn--profi-stylistin-wdenswil-zh-rkc.logisch.ch\/wp-content\/uploads\/2024\/05\/Wimpern-Aktion-589x1024.jpeg 589w, https:\/\/xn--profi-stylistin-wdenswil-zh-rkc.logisch.ch\/wp-content\/uploads\/2024\/05\/Wimpern-Aktion-172x300.jpeg 172w, https:\/\/xn--profi-stylistin-wdenswil-zh-rkc.logisch.ch\/wp-content\/uploads\/2024\/05\/Wimpern-Aktion-768x1336.jpeg 768w, https:\/\/xn--profi-stylistin-wdenswil-zh-rkc.logisch.ch\/wp-content\/uploads\/2024\/05\/Wimpern-Aktion-883x1536.jpeg 883w, https:\/\/xn--profi-stylistin-wdenswil-zh-rkc.logisch.ch\/wp-content\/uploads\/2024\/05\/Wimpern-Aktion.jpeg 1080w\" sizes=\"auto, (max-width: 589px) 100vw, 589px\" \/><\/figure>\n<!-- \/wp:image --><\/figure>\n<!-- \/wp:gallery --><\/div><\/li>\n<li><a class=\"wp-block-latest-posts__post-title\" href=\"https:\/\/xn--profi-stylistin-wdenswil-zh-rkc.logisch.ch\/index.php\/2024\/04\/23\/hello-world-2\/\">Meine neue Webseite entsteht<\/a><div class=\"wp-block-latest-posts__post-author\">von admin<\/div><time datetime=\"2024-04-23T20:32:54+00:00\" class=\"wp-block-latest-posts__post-date\">April 23, 2024<\/time><div class=\"wp-block-latest-posts__post-full-content\"><!-- wp:paragraph -->\n<p>SCH\u00d6NES WOCHENENDE EUCH ALLEN<\/p>\n<!-- \/wp:paragraph -->\n\n<!-- wp:paragraph -->\n<p>NACH 10 Stunden Arbeit endlich ein bisschen Sonne genie\u00dfen. Wobei &#8230; DAS Universum hat mir einem wunderbaren \u00abhelping angel\u00bb gesandt der mich wahrlich auf die Probe stellt . Aber ich stelle mich der Herausforderung mich endlich mich mit dem Thema Homepage auseinander zu setzen. Ich lerne, sie selber zu bedienen und Social Media tauglich zu machen. Jesses &#8230; wer mich kennt, weiss, dass sich das f\u00fcr mich anf\u00fchlt, als w\u00fcrde ich einen Doctor absolvieren .<\/p>\n<!-- \/wp:paragraph -->\n\n<!-- wp:paragraph -->\n<p>Aber wertvolle Geschenke <a><\/a>sollte man achten und annehmen.<\/p>\n<!-- \/wp:paragraph -->\n\n<!-- wp:paragraph -->\n<p>Danke Merci Gracie an meinem Helping Angel <img loading=\"lazy\" decoding=\"async\" height=\"16\" width=\"16\" alt=\"\ud83d\ude4f\" src=\"https:\/\/static.xx.fbcdn.net\/images\/emoji.php\/v9\/t1f\/2\/16\/1f64f.png\"><img loading=\"lazy\" decoding=\"async\" height=\"16\" width=\"16\" alt=\"\ud83d\ude4f\" src=\"https:\/\/static.xx.fbcdn.net\/images\/emoji.php\/v9\/t1f\/2\/16\/1f64f.png\"><img loading=\"lazy\" decoding=\"async\" height=\"16\" width=\"16\" alt=\"\ud83d\ude4f\" src=\"https:\/\/static.xx.fbcdn.net\/images\/emoji.php\/v9\/t1f\/2\/16\/1f64f.png\"><\/p>\n<!-- \/wp:paragraph -->\n\n<!-- wp:image {\"id\":277,\"sizeSlug\":\"large\",\"linkDestination\":\"none\"} -->\n<figure class=\"wp-block-image size-large\"><img decoding=\"async\" src=\"https:\/\/xn--profi-stylistin-wdenswil-6bc.revier.ch\/wp-content\/uploads\/2024\/05\/Webseite-entsteht--768x1024.jpeg\" alt=\"\" class=\"wp-image-277\" \/><\/figure>\n<!-- \/wp:image --><\/div><\/li>\n<\/ul>\n\n\n<p><\/p>\n\n\n\n<p><\/p>\n\n\n\n<div class=\"wp-block-columns is-layout-flex wp-container-core-columns-is-layout-28f84493 wp-block-columns-is-layout-flex\">\n<div class=\"wp-block-column is-layout-flow wp-block-column-is-layout-flow\">\n<p><\/p>\n<\/div>\n\n\n\n<div class=\"wp-block-column is-layout-flow wp-block-column-is-layout-flow\"><\/div>\n<\/div>\n","protected":false},"excerpt":{"rendered":"<p>Was w\u00e4re ein Kosmetikstudio ohne das Getratsche? Also auch hier in digitaler Form&#8230;<\/p>\n","protected":false},"author":2,"featured_media":0,"parent":0,"menu_order":2,"comment_status":"open","ping_status":"closed","template":"","meta":{"footnotes":""},"class_list":["post-62","page","type-page","status-publish","hentry"],"_links":{"self":[{"href":"https:\/\/xn--profi-stylistin-wdenswil-zh-rkc.logisch.ch\/index.php\/wp-json\/wp\/v2\/pages\/62","targetHints":{"allow":["GET"]}}],"collection":[{"href":"https:\/\/xn--profi-stylistin-wdenswil-zh-rkc.logisch.ch\/index.php\/wp-json\/wp\/v2\/pages"}],"about":[{"href":"https:\/\/xn--profi-stylistin-wdenswil-zh-rkc.logisch.ch\/index.php\/wp-json\/wp\/v2\/types\/page"}],"author":[{"embeddable":true,"href":"https:\/\/xn--profi-stylistin-wdenswil-zh-rkc.logisch.ch\/index.php\/wp-json\/wp\/v2\/users\/2"}],"replies":[{"embeddable":true,"href":"https:\/\/xn--profi-stylistin-wdenswil-zh-rkc.logisch.ch\/index.php\/wp-json\/wp\/v2\/comments?post=62"}],"version-history":[{"count":0,"href":"https:\/\/xn--profi-stylistin-wdenswil-zh-rkc.logisch.ch\/index.php\/wp-json\/wp\/v2\/pages\/62\/revisions"}],"wp:attachment":[{"href":"https:\/\/xn--profi-stylistin-wdenswil-zh-rkc.logisch.ch\/index.php\/wp-json\/wp\/v2\/media?parent=62"}],"curies":[{"name":"wp","href":"https:\/\/api.w.org\/{rel}","templated":true}]}}