{"id":670,"date":"2024-04-23T20:36:37","date_gmt":"2024-04-23T20:36:37","guid":{"rendered":"https:\/\/xn--profi-stylistin-wdenswil-6bc.revier.ch\/?page_id=6"},"modified":"2024-04-23T20:36:37","modified_gmt":"2024-04-23T20:36:37","slug":"home","status":"publish","type":"page","link":"https:\/\/xn--profi-stylistin-wdenswil-zh-rkc.logisch.ch\/index.php\/home\/","title":{"rendered":"Home"},"content":{"rendered":"\n<h2 class=\"wp-block-heading has-text-align-center\"><strong>Herzlich willkommen bei <\/strong><br><strong>Profi-Stylistin Inge Puchta.<br><\/strong><\/h2>\n\n\n\n<h2 class=\"wp-block-heading\">Sch\u00f6ne Augenblicke<\/h2>\n\n\n\n<figure class=\"wp-block-image size-full is-resized\"><a href=\"https:\/\/xn--profi-stylistin-wdenswil-6bc.revier.ch\/wimpernverlaengerung\/\"><img loading=\"lazy\" decoding=\"async\" width=\"523\" height=\"397\" src=\"https:\/\/xn--profi-stylistin-wdenswil-zh-rkc.logisch.ch\/wp-content\/uploads\/2024\/05\/Wimpern-e1715415580778.jpg\" alt=\"\" class=\"wp-image-153\" style=\"width:674px;height:auto\" srcset=\"https:\/\/xn--profi-stylistin-wdenswil-zh-rkc.logisch.ch\/wp-content\/uploads\/2024\/05\/Wimpern-e1715415580778.jpg 523w, https:\/\/xn--profi-stylistin-wdenswil-zh-rkc.logisch.ch\/wp-content\/uploads\/2024\/05\/Wimpern-e1715415580778-300x228.jpg 300w\" sizes=\"auto, (max-width: 523px) 100vw, 523px\" \/><\/a><\/figure>\n\n\n\n<p>Als Visagistin weiss ich, was es braucht, damit Ihre Augen so richtig zur Geltung kommen. <br>Augenbrauen bilden den Rahmen f\u00fcr Ihre Augen. Lesen Sie hier weiter: <\/p>\n\n\n\n<ul class=\"wp-block-list\">\n<li><a href=\"https:\/\/xn--profi-stylistin-wdenswil-6bc.revier.ch\/henna-brows\/\">Henna Brows <\/a>F\u00fcr einen unwiderstehlichen Blickfang <\/li>\n\n\n\n<li><a href=\"https:\/\/xn--profi-stylistin-wdenswil-6bc.revier.ch\/wimpernverlaengerung\/\" target=\"_blank\" rel=\"noreferrer noopener\">Wimperverl\u00e4ngerung<\/a> Mit dem passenden Make Up k\u00f6nnen Sie Ihre Erscheinung betonen: <\/li>\n\n\n\n<li><a href=\"https:\/\/xn--profi-stylistin-wdenswil-6bc.revier.ch\/make-up\/\">Alles rund ums Make Up<\/a><\/li>\n<\/ul>\n\n\n\n<h2 class=\"wp-block-heading\">Hair &amp; Make Up<\/h2>\n\n\n\n<figure class=\"wp-block-image size-full\"><a href=\"https:\/\/xn--profi-stylistin-wdenswil-6bc.revier.ch\/make-up\/\"><img loading=\"lazy\" decoding=\"async\" width=\"1024\" height=\"683\" src=\"https:\/\/xn--profi-stylistin-wdenswil-zh-rkc.logisch.ch\/wp-content\/uploads\/2024\/05\/5906_20210328_bartelsphotography.jpg\" alt=\"\" class=\"wp-image-350\" srcset=\"https:\/\/xn--profi-stylistin-wdenswil-zh-rkc.logisch.ch\/wp-content\/uploads\/2024\/05\/5906_20210328_bartelsphotography.jpg 1024w, https:\/\/xn--profi-stylistin-wdenswil-zh-rkc.logisch.ch\/wp-content\/uploads\/2024\/05\/5906_20210328_bartelsphotography-300x200.jpg 300w, https:\/\/xn--profi-stylistin-wdenswil-zh-rkc.logisch.ch\/wp-content\/uploads\/2024\/05\/5906_20210328_bartelsphotography-768x512.jpg 768w\" sizes=\"auto, (max-width: 1024px) 100vw, 1024px\" \/><\/a><\/figure>\n\n\n\n<p>Ob f\u00fcr Ihre <a href=\"https:\/\/xn--profi-stylistin-wdenswil-6bc.revier.ch\/hochzeit\/\">Hochzeit<\/a>, eine Gala oder einen anderen wichtigen Moment, aber auch f\u00fcr Foto Shootings, f\u00fcr den Laufsteg oder f\u00fcr Werbefilme stehe ich als gelernte Coiffeur Meisterin, Visagistin und Stylisitin gerne zur Verf\u00fcgung. Mehr dar\u00fcber lesen Sie <a href=\"https:\/\/xn--profi-stylistin-wdenswil-6bc.revier.ch\/make-up\/\">hier<\/a>. <br><\/p>\n\n\n\n<h2 class=\"wp-block-heading\">G\u00f6nnen Sie sich eine kleine Auszeit<\/h2>\n\n\n\n<figure class=\"wp-block-image size-large\"><img decoding=\"async\" src=\"https:\/\/xn--profi-stylistin-wdenswil-6bc.revier.ch\/wp-content\/uploads\/2024\/05\/20240530_120841-1024x768.jpg\" alt=\"\" class=\"wp-image-630\"\/><\/figure>\n\n\n\n<p>Die Chakra Kopf- und Gesichtsmassage stimuliert den Energiefluss, verbessert Ihr Wohlbefinden und schafft Harmonie zwischen K\u00f6rper und Geist. <br>Hier geht es direkt zur<a href=\"https:\/\/xn--profi-stylistin-wdenswil-6bc.revier.ch\/kleine-auszeit\/\"> kleinen Auszeit<\/a>.<\/p>\n\n\n\n<h2 class=\"wp-block-heading\">Meine Partner<\/h2>\n\n\n\n<p>F\u00fcr Events und grosse Projekte arbeite ich gerne im Team. Mit folgenden Profis arbeite ich gerne zusammen:<\/p>\n\n\n\n<ul class=\"wp-block-list\">\n<li>Khadija<\/li>\n\n\n\n<li><a href=\"https:\/\/www.zalinaswissorganic.com\/\" target=\"_blank\" rel=\"noreferrer noopener\">Zalina<\/a><\/li>\n\n\n\n<li><a href=\"https:\/\/bartelsfotografie.ch\/\">Sandra <\/a><a href=\"https:\/\/bartelsfotografie.ch\/\" target=\"_blank\" rel=\"noreferrer noopener\">Bartels<\/a><a href=\"https:\/\/bartelsfotografie.ch\/\">, Fotografin<\/a><\/li>\n\n\n\n<li><\/li>\n<\/ul>\n","protected":false},"excerpt":{"rendered":"<p>Herzlich willkommen bei Profi-Stylistin Inge Puchta. Sch\u00f6ne Augenblicke Als Visagistin weiss ich, was es braucht, damit Ihre Augen so richtig zur Geltung kommen. Augenbrauen bilden den Rahmen f\u00fcr Ihre Augen. Lesen Sie hier weiter: Hair &amp; Make Up Ob f\u00fcr Ihre Hochzeit, eine Gala oder einen anderen wichtigen Moment, aber auch f\u00fcr Foto Shootings, f\u00fcr [&hellip;]<\/p>\n","protected":false},"author":1,"featured_media":0,"parent":0,"menu_order":1,"comment_status":"closed","ping_status":"closed","template":"","meta":{"footnotes":""},"class_list":["post-670","page","type-page","status-publish","hentry"],"_links":{"self":[{"href":"https:\/\/xn--profi-stylistin-wdenswil-zh-rkc.logisch.ch\/index.php\/wp-json\/wp\/v2\/pages\/670","targetHints":{"allow":["GET"]}}],"collection":[{"href":"https:\/\/xn--profi-stylistin-wdenswil-zh-rkc.logisch.ch\/index.php\/wp-json\/wp\/v2\/pages"}],"about":[{"href":"https:\/\/xn--profi-stylistin-wdenswil-zh-rkc.logisch.ch\/index.php\/wp-json\/wp\/v2\/types\/page"}],"author":[{"embeddable":true,"href":"https:\/\/xn--profi-stylistin-wdenswil-zh-rkc.logisch.ch\/index.php\/wp-json\/wp\/v2\/users\/1"}],"replies":[{"embeddable":true,"href":"https:\/\/xn--profi-stylistin-wdenswil-zh-rkc.logisch.ch\/index.php\/wp-json\/wp\/v2\/comments?post=670"}],"version-history":[{"count":0,"href":"https:\/\/xn--profi-stylistin-wdenswil-zh-rkc.logisch.ch\/index.php\/wp-json\/wp\/v2\/pages\/670\/revisions"}],"wp:attachment":[{"href":"https:\/\/xn--profi-stylistin-wdenswil-zh-rkc.logisch.ch\/index.php\/wp-json\/wp\/v2\/media?parent=670"}],"curies":[{"name":"wp","href":"https:\/\/api.w.org\/{rel}","templated":true}]}}