{"id":97,"date":"2024-04-25T17:21:28","date_gmt":"2024-04-25T17:21:28","guid":{"rendered":"https:\/\/xn--profi-stylistin-wdenswil-6bc.revier.ch\/?page_id=97"},"modified":"2024-04-25T17:21:28","modified_gmt":"2024-04-25T17:21:28","slug":"test-01","status":"publish","type":"page","link":"https:\/\/xn--profi-stylistin-wdenswil-zh-rkc.logisch.ch\/index.php\/spielwiese\/test-01\/","title":{"rendered":"Test 01"},"content":{"rendered":"<nav class=\"is-responsive wp-block-navigation is-layout-flex wp-block-navigation-is-layout-flex\" aria-label=\"Navigation\" \n\t\t data-wp-interactive=\"core\/navigation\" data-wp-context='{\"overlayOpenedBy\":{\"click\":false,\"hover\":false,\"focus\":false},\"type\":\"overlay\",\"roleAttribute\":\"\",\"ariaLabel\":\"Men\\u00fc\"}'><button aria-haspopup=\"dialog\" aria-label=\"Men\u00fc \u00f6ffnen\" class=\"wp-block-navigation__responsive-container-open\" \n\t\t\t\tdata-wp-on--click=\"actions.openMenuOnClick\"\n\t\t\t\tdata-wp-on--keydown=\"actions.handleMenuKeydown\"\n\t\t\t><svg width=\"24\" height=\"24\" xmlns=\"http:\/\/www.w3.org\/2000\/svg\" viewBox=\"0 0 24 24\" aria-hidden=\"true\" focusable=\"false\"><path d=\"M4 7.5h16v1.5H4z\"><\/path><path d=\"M4 15h16v1.5H4z\"><\/path><\/svg><\/button>\n\t\t\t\t<div class=\"wp-block-navigation__responsive-container\"  id=\"modal-1\" \n\t\t\t\tdata-wp-class--has-modal-open=\"state.isMenuOpen\"\n\t\t\t\tdata-wp-class--is-menu-open=\"state.isMenuOpen\"\n\t\t\t\tdata-wp-watch=\"callbacks.initMenu\"\n\t\t\t\tdata-wp-on--keydown=\"actions.handleMenuKeydown\"\n\t\t\t\tdata-wp-on--focusout=\"actions.handleMenuFocusout\"\n\t\t\t\ttabindex=\"-1\"\n\t\t\t>\n\t\t\t\t\t<div class=\"wp-block-navigation__responsive-close\" tabindex=\"-1\">\n\t\t\t\t\t\t<div class=\"wp-block-navigation__responsive-dialog\" \n\t\t\t\tdata-wp-bind--aria-modal=\"state.ariaModal\"\n\t\t\t\tdata-wp-bind--aria-label=\"state.ariaLabel\"\n\t\t\t\tdata-wp-bind--role=\"state.roleAttribute\"\n\t\t\t>\n\t\t\t\t\t\t\t<button aria-label=\"Men\u00fc schlie\u00dfen\" class=\"wp-block-navigation__responsive-container-close\" \n\t\t\t\tdata-wp-on--click=\"actions.closeMenuOnClick\"\n\t\t\t><svg xmlns=\"http:\/\/www.w3.org\/2000\/svg\" viewBox=\"0 0 24 24\" width=\"24\" height=\"24\" aria-hidden=\"true\" focusable=\"false\"><path d=\"m13.06 12 6.47-6.47-1.06-1.06L12 10.94 5.53 4.47 4.47 5.53 10.94 12l-6.47 6.47 1.06 1.06L12 13.06l6.47 6.47 1.06-1.06L13.06 12Z\"><\/path><\/svg><\/button>\n\t\t\t\t\t\t\t<div class=\"wp-block-navigation__responsive-container-content\" \n\t\t\t\tdata-wp-watch=\"callbacks.focusFirstElement\"\n\t\t\t id=\"modal-1-content\">\n\t\t\t\t\t\t\t\t<ul class=\"wp-block-navigation__container is-responsive wp-block-navigation\"><li class=\" wp-block-navigation-item wp-block-navigation-link\"><a class=\"wp-block-navigation-item__content\"  href=\"https:\/\/xn--profi-stylistin-wdenswil-6bc.revier.ch\/entwurf-bilder\/\"><span class=\"wp-block-navigation-item__label\">Entwurf Bilder<\/span><\/a><\/li><li class=\" wp-block-navigation-item wp-block-navigation-link\"><a class=\"wp-block-navigation-item__content\"  href=\"https:\/\/xn--profi-stylistin-wdenswil-6bc.revier.ch\/spielwiese__trashed\/test-01\/\"><span class=\"wp-block-navigation-item__label\">Test 01<\/span><\/a><\/li><li class=\" wp-block-navigation-item wp-block-navigation-link\"><a class=\"wp-block-navigation-item__content\"  href=\"https:\/\/xn--profi-stylistin-wdenswil-6bc.revier.ch\/test-02\/\"><span class=\"wp-block-navigation-item__label\">Test 02<\/span><\/a><\/li><li class=\" wp-block-navigation-item wp-block-navigation-link\"><a class=\"wp-block-navigation-item__content\"  href=\"https:\/\/xn--profi-stylistin-wdenswil-6bc.revier.ch\/spielwiese\"><span class=\"wp-block-navigation-item__label\">Spielwiese<\/span><\/a><\/li><\/ul>\n\t\t\t\t\t\t\t<\/div>\n\t\t\t\t\t\t<\/div>\n\t\t\t\t\t<\/div>\n\t\t\t\t<\/div><\/nav>\n\n\n<h2 class=\"wp-block-heading\">\u00dcber mich<\/h2>\n\n\n\n<p>Geboren im sch\u00f6nen Rheinland erblickte ich 1970 das Licht der Welt<\/p>\n\n\n\n<h3 class=\"wp-block-heading\">Ausbildung und meine Anf\u00e4nge<\/h3>\n\n\n\n<p>1987 begann ich meine Ausbildung zur Friseurin, mit der Idee hinterher eine weitere Ausbildung zur Maskenbildnerin abzuschliessen.Schnell begriff ich, was alles m\u00f6glich  ist. Ich war begeistert welche Vielfalt dieser Beruf zu bieten hat. Die ersten Erfahrungen f\u00fcr Hair &amp; Make up machte ich bereits in der Ausbildung wo ich jedes Jahr an Wettbewerbe erfolgreich teilgenommen habe. Dadurch bekam ich ein geschultes Auge f\u00fcr formen und Farben sowie f\u00fcr das gesamte Styling. Somit war der Grundstein f\u00fcr meine stetigen Weiterbildungen gelegt .Nach meiner Ausbildung ging ich nach D\u00fcsseldorf und arbeitete 18 Jahre auf der K\u00f6nigsalle bei Intercoiffeur Junge , und durfte dort die ersten Erfahrungen mit Kunden des \u00f6ffentlichen Leben machen. Ob Schauspieler, S\u00e4nger , Top Modell oder auch so manch eine k\u00f6nigliche Pers\u00f6nlichkeit durfte ich bereits verzaubern. Ich wurde immer \u00f6fter f\u00fcr grosse Anl\u00e4sse gebucht, wo ich meine arbeiten dann in den grossen Boulevard Zeitungen oder im TV bestaunen durfte. Ich reiste nach London, Paris um von den besten zu lernen, und absolvierte 2005 meine VIsagisten und Meisterschule. In D\u00fcsseldorf war ich dann Selbstst\u00e4ndig bis mich dann die Liebe in die Schweiz f\u00fchrte. Dort durfte ich f\u00fcr das Schweizer Fernsehen sowie f\u00fcr Joiz dem Jugendsender als Hair &amp; Make up Artist arbeiten. 2013 Schloss ich meine Ausbildung bei VIP Lashes zur zertifizierten Wimpernexpertin ab. Bis Heute habe ich unz\u00e4hlige Aus und Weiterbildungen im Bereich  Beauty \/Haartrends get\u00e4tigt, und es ist mir ein vergn\u00fcgen Ihnen das beste und neueste anzuvertrauen. <\/p>\n\n\n\n<p>Weil es Spass und Freude macht Nah am Puls der Zeit zu sein.<\/p>\n\n\n\n<p>Ich besuche jedes Jahr neue Workshops \/ Messen im In und Ausland<\/p>\n\n\n\n<p>Viele Inspirationen bringe ich mir von meinen Reisen \u00fcber oder unter Wasser mit<\/p>\n\n\n\n<p>Ich lerne nur von den besten aus der Branche um Ihnen das beste weiterzugeben<\/p>\n\n\n\n<p>Ist das <strong><em>Seite ansehen<\/em><\/strong> weg, kann man oben links auf das WordPress Logo klicken und dann ganz oben bei <strong>[Profi Stylistin]<\/strong> auf <strong>[Seite ansehen]<\/strong> klicken. Jetzt kann man wieder Surfen.<\/p>\n\n\n\n<p>Das WordPress Logo ist infolge der Anpassung des BrowserIcon ersetzt worden.<\/p>\n\n\n\n<h2 class=\"wp-block-heading\">Der Test \u00fcrkg\u00fcls\u00fcm vom 21.6.<\/h2>\n\n\n\n<p><strong>\u00fcrkg\u00fcls\u00fcm <\/strong>ist ein Zauberwort. Es wurde im vergangenen Jahrtausend von Markus Winter erfunden. Das Wort \u00fcrkg\u00fcls\u00fcm war damals ein Wort, welches in den SERP&#8217;s von Google nicht enthalten war. Es war also ein leichtes, damit ausgestattete Seiten aufzufinden. <br>Die Erfindung geht auf einen WebPublisher Lehrgang zur\u00fcck, bei welchem Markus Winter als Kursleiter t\u00e4tig war. Er wollte den Beweis anbringen, in welcher Zeit Seiten im Katalog aufgenommen wird. Und auch heute kann das Wort noch immer f\u00fcr viele SEO relevanten Tests verwendet werden. Seite 1 mit <a href=\"https:\/\/xn--profi-stylistin-wdenswil-6bc.revier.ch\/test-02\/\">\u00fcrkg\u00fcls\u00fcm <\/a>zum Vergleich in der GSC.<\/p>\n","protected":false},"excerpt":{"rendered":"<p>\u00dcber mich Geboren im sch\u00f6nen Rheinland erblickte ich 1970 das Licht der Welt Ausbildung und meine Anf\u00e4nge 1987 begann ich meine Ausbildung zur Friseurin, mit der Idee hinterher eine weitere Ausbildung zur Maskenbildnerin abzuschliessen.Schnell begriff ich, was alles m\u00f6glich ist. Ich war begeistert welche Vielfalt dieser Beruf zu bieten hat. Die ersten Erfahrungen f\u00fcr Hair [&hellip;]<\/p>\n","protected":false},"author":2,"featured_media":0,"parent":95,"menu_order":0,"comment_status":"closed","ping_status":"closed","template":"","meta":{"footnotes":""},"class_list":["post-97","page","type-page","status-publish","hentry"],"_links":{"self":[{"href":"https:\/\/xn--profi-stylistin-wdenswil-zh-rkc.logisch.ch\/index.php\/wp-json\/wp\/v2\/pages\/97","targetHints":{"allow":["GET"]}}],"collection":[{"href":"https:\/\/xn--profi-stylistin-wdenswil-zh-rkc.logisch.ch\/index.php\/wp-json\/wp\/v2\/pages"}],"about":[{"href":"https:\/\/xn--profi-stylistin-wdenswil-zh-rkc.logisch.ch\/index.php\/wp-json\/wp\/v2\/types\/page"}],"author":[{"embeddable":true,"href":"https:\/\/xn--profi-stylistin-wdenswil-zh-rkc.logisch.ch\/index.php\/wp-json\/wp\/v2\/users\/2"}],"replies":[{"embeddable":true,"href":"https:\/\/xn--profi-stylistin-wdenswil-zh-rkc.logisch.ch\/index.php\/wp-json\/wp\/v2\/comments?post=97"}],"version-history":[{"count":0,"href":"https:\/\/xn--profi-stylistin-wdenswil-zh-rkc.logisch.ch\/index.php\/wp-json\/wp\/v2\/pages\/97\/revisions"}],"up":[{"embeddable":true,"href":"https:\/\/xn--profi-stylistin-wdenswil-zh-rkc.logisch.ch\/index.php\/wp-json\/wp\/v2\/pages\/95"}],"wp:attachment":[{"href":"https:\/\/xn--profi-stylistin-wdenswil-zh-rkc.logisch.ch\/index.php\/wp-json\/wp\/v2\/media?parent=97"}],"curies":[{"name":"wp","href":"https:\/\/api.w.org\/{rel}","templated":true}]}}